{"id":221,"date":"2015-09-14T18:11:31","date_gmt":"2015-09-14T18:11:31","guid":{"rendered":"http:\/\/backblog.zieher.cc\/?page_id=221"},"modified":"2015-09-14T18:11:31","modified_gmt":"2015-09-14T18:11:31","slug":"apfel-marzipan-muffins","status":"publish","type":"page","link":"https:\/\/backblog.zieher.cc\/index.php\/rezepte\/apfel-marzipan-muffins\/","title":{"rendered":"Apfel-Marzipan-Muffins"},"content":{"rendered":"<table>\n<tbody>\n<tr>\n<td width=\"50%\">Zutaten (f\u00fcr 12 Muffins):<\/p>\n<div style=\"font-size: small;\">1 Apfel<br \/>\n150 g Mehl<br \/>\n120 g Butter<br \/>\n120 g Zucker<\/div>\n<div style=\"font-size: small;\">50 g geriebene Haseln\u00fcsse<br \/>\n1\/2 Pkg Vanillezucker<br \/>\n1 TL Backpulver<br \/>\n2 Eier<\/div>\n<div style=\"font-size: small;\">6 EL Milch<\/div>\n<div style=\"font-size: small;\">1 Prise Salz<br \/>\n100 g Marzipan Rohmasse<\/div>\n<div style=\"font-size: small;\">\u00a0<a href=\"http:\/\/backblog.zieher.cc\/wp-content\/uploads\/2015\/09\/IMG_7598_crop_mark.jpg\"><img loading=\"lazy\" decoding=\"async\" class=\"alignnone size-medium wp-image-227\" src=\"http:\/\/backblog.zieher.cc\/wp-content\/uploads\/2015\/09\/IMG_7598_crop_mark-300x200.jpg\" alt=\"Apfel-Marzipan-Muffins\" width=\"300\" height=\"200\" srcset=\"https:\/\/backblog.zieher.cc\/wp-content\/uploads\/2015\/09\/IMG_7598_crop_mark-300x200.jpg 300w, https:\/\/backblog.zieher.cc\/wp-content\/uploads\/2015\/09\/IMG_7598_crop_mark-1024x682.jpg 1024w, https:\/\/backblog.zieher.cc\/wp-content\/uploads\/2015\/09\/IMG_7598_crop_mark.jpg 1200w\" sizes=\"auto, (max-width: 300px) 100vw, 300px\" \/><\/a><\/div>\n<\/td>\n<td>Zubereitung:<\/p>\n<div style=\"font-size: small;\">Die Muffinform mit Papierf\u00f6rmchen auslegen.<\/div>\n<div style=\"font-size: small;\">Den Apfel sch\u00e4len, vierteln, entkernen und in kleine St\u00fccke schneiden.<\/div>\n<div style=\"font-size: small;\">Das Mehl und das Backpulver mit den geriebenen Haseln\u00fcssen in einer Sch\u00fcssel vermengen. In einer zweiten Sch\u00fcssel die Eier mit dem Mixer schaumig schlagen. Mit Zucker, Vanillezucker, Butter, Milch und Salz glatt r\u00fchren.<\/div>\n<div style=\"font-size: small;\">Die Marzipanmasse zerbr\u00f6seln und unterrr\u00fchren. Dann die Mehlmischung dazugeben.<\/div>\n<div style=\"font-size: small;\">Alles schnell vermengen und den Teig in die Muffinf\u00f6rmchen geben.<\/div>\n<div style=\"font-size: small;\"><\/div>\n<div style=\"font-size: small;\">Den Ofen auf Ober-\/Unterhitze 200\u00b0C einschalten und die Muffinform f\u00fcr 15-20 Minuten backen.<\/div>\n<div style=\"font-size: small;\"><\/div>\n<\/td>\n<\/tr>\n<\/tbody>\n<\/table>\n<div class=\"printfriendly pf-button  pf-alignleft\">\n                    <a href=\"https:\/\/backblog.zieher.cc\/index.php\/rezepte\/apfel-marzipan-muffins\/?pfstyle=wp\" rel=\"nofollow\" onclick=\"\" title=\"Printer Friendly, PDF & Email\">\n                    <img decoding=\"async\" class=\"pf-button-img\" src=\"https:\/\/cdn.printfriendly.com\/buttons\/printfriendly-pdf-button-nobg.png\" alt=\"Print Friendly, PDF & Email\" style=\"width: 112px;height: 24px;\"  \/>\n                    <\/a>\n                <\/div>\n","protected":false},"excerpt":{"rendered":"<p>Zutaten (f\u00fcr 12 Muffins): 1 Apfel 150 g Mehl 120 g Butter 120 g Zucker 50 g geriebene Haseln\u00fcsse 1\/2 Pkg Vanillezucker 1 TL Backpulver 2 Eier 6 EL Milch 1 Prise Salz 100 g Marzipan Rohmasse \u00a0 Zubereitung: Die Muffinform mit Papierf\u00f6rmchen auslegen. Den Apfel sch\u00e4len, vierteln, entkernen und in kleine St\u00fccke schneiden. Das &hellip; <a href=\"https:\/\/backblog.zieher.cc\/index.php\/rezepte\/apfel-marzipan-muffins\/\" class=\"more-link\"><span class=\"screen-reader-text\">Apfel-Marzipan-Muffins<\/span> weiterlesen<\/a><\/p>\n","protected":false},"author":1,"featured_media":0,"parent":39,"menu_order":0,"comment_status":"open","ping_status":"closed","template":"","meta":{"footnotes":""},"class_list":["post-221","page","type-page","status-publish","hentry"],"_links":{"self":[{"href":"https:\/\/backblog.zieher.cc\/index.php\/wp-json\/wp\/v2\/pages\/221","targetHints":{"allow":["GET"]}}],"collection":[{"href":"https:\/\/backblog.zieher.cc\/index.php\/wp-json\/wp\/v2\/pages"}],"about":[{"href":"https:\/\/backblog.zieher.cc\/index.php\/wp-json\/wp\/v2\/types\/page"}],"author":[{"embeddable":true,"href":"https:\/\/backblog.zieher.cc\/index.php\/wp-json\/wp\/v2\/users\/1"}],"replies":[{"embeddable":true,"href":"https:\/\/backblog.zieher.cc\/index.php\/wp-json\/wp\/v2\/comments?post=221"}],"version-history":[{"count":3,"href":"https:\/\/backblog.zieher.cc\/index.php\/wp-json\/wp\/v2\/pages\/221\/revisions"}],"predecessor-version":[{"id":229,"href":"https:\/\/backblog.zieher.cc\/index.php\/wp-json\/wp\/v2\/pages\/221\/revisions\/229"}],"up":[{"embeddable":true,"href":"https:\/\/backblog.zieher.cc\/index.php\/wp-json\/wp\/v2\/pages\/39"}],"wp:attachment":[{"href":"https:\/\/backblog.zieher.cc\/index.php\/wp-json\/wp\/v2\/media?parent=221"}],"curies":[{"name":"wp","href":"https:\/\/api.w.org\/{rel}","templated":true}]}}