{"id":321,"date":"2015-10-11T15:06:24","date_gmt":"2015-10-11T15:06:24","guid":{"rendered":"http:\/\/backblog.zieher.cc\/?page_id=321"},"modified":"2015-11-02T15:52:33","modified_gmt":"2015-11-02T15:52:33","slug":"buttermilch-muffins","status":"publish","type":"page","link":"https:\/\/backblog.zieher.cc\/index.php\/rezepte\/buttermilch-muffins\/","title":{"rendered":"Buttermilch-Muffins"},"content":{"rendered":"<table>\n<tbody>\n<tr>\n<td width=\"50%\">Zutaten (f\u00fcr 12 Muffins):<\/p>\n<div style=\"font-size: small;\">280 g Mehl<\/div>\n<div style=\"font-size: small;\">2 TL Backpulver<\/div>\n<div style=\"font-size: small;\">1\/2 TL Natron<\/div>\n<div style=\"font-size: small;\">1 Prise Salz<br \/>\n1oo g gehackte Schokolade<br \/>\n2 Eier<\/div>\n<div style=\"font-size: small;\">75 Zucker<br \/>\n75 ml \u00d6l<\/div>\n<div style=\"font-size: small;\">300 ml Buttermilch<\/div>\n<div style=\"font-size: small;\"><\/div>\n<div style=\"font-size: small;\"><strong>F\u00fcr die Deko:<\/strong><\/div>\n<div style=\"font-size: small;\">150 g Staubzucker<\/div>\n<div style=\"font-size: small;\">2 EL Zitronensaft<\/div>\n<div style=\"font-size: small;\">eventuell etwas Wasser<\/div>\n<div style=\"font-size: small;\">Zuckerstreusel nach Belieben<\/div>\n<div style=\"font-size: small;\"><\/div>\n<div style=\"font-size: small;\">Butter und Mehl f\u00fcr die Form<\/div>\n<div style=\"font-size: small;\"><a href=\"http:\/\/backblog.zieher.cc\/wp-content\/uploads\/2015\/10\/IMG_7999_mark.jpg\"><img loading=\"lazy\" decoding=\"async\" class=\"alignnone size-medium wp-image-334\" src=\"http:\/\/backblog.zieher.cc\/wp-content\/uploads\/2015\/10\/IMG_7999_mark-300x200.jpg\" alt=\"IMG_7999_mark\" width=\"300\" height=\"200\" srcset=\"https:\/\/backblog.zieher.cc\/wp-content\/uploads\/2015\/10\/IMG_7999_mark-300x200.jpg 300w, https:\/\/backblog.zieher.cc\/wp-content\/uploads\/2015\/10\/IMG_7999_mark-1024x683.jpg 1024w, https:\/\/backblog.zieher.cc\/wp-content\/uploads\/2015\/10\/IMG_7999_mark.jpg 1200w\" sizes=\"auto, (max-width: 300px) 100vw, 300px\" \/><\/a><\/div>\n<\/td>\n<td>Zubereitung:<\/p>\n<div style=\"font-size: small;\">Die Muffinform mit Butter einfetten und mit Mehl stauben. 100 g Schokolade hacken und die restlichen Zutaten herrichten.<\/div>\n<div style=\"font-size: small;\">In einer Sch\u00fcssel das Mehl mit dem Backpulver, dem Natron, einer Prise Salz und der gehackten Schokolade mischen. In einer zweiten Sch\u00fcssel die Eier mit dem Mixer leicht verquirlen, den Zucker, das \u00d6l und die Buttermilch unterheben.<\/div>\n<div style=\"font-size: small;\">Die Mehlmischung dazugeben und mit einem Schneebesen nur solange verr\u00fchren, bis alle Zutaten feucht sind. Den Ofen auf 180 \u00b0C Ober-\/Unterhitze vorheizen. Den Teig mit einem L\u00f6ffel ca. 3\/4 hoch in die Vertiefungen geben und die Muffins etwa 20 Minuten goldbraun backen. Aus dem Ofen nehmen und 5 Minuten in der Form ruhen lassen. W\u00e4hrenddessen den Staubzucker mit dem Zitronensaft und eventuell etwas Wasser zu einem Guss verr\u00fchren. Unter einem Gitter Backpapier legen, die Muffins aus der Form l\u00f6sen und auf das Gitter geben. Die Muffins mit dem Guss bestreichen.\u00a0 Zum Schluss die Muffins mit den Streuseln verzieren.<\/div>\n<div style=\"font-size: small;\"><\/div>\n<div style=\"font-size: small;\"><\/div>\n<\/td>\n<\/tr>\n<\/tbody>\n<\/table>\n<div class=\"printfriendly pf-button  pf-alignleft\">\n                    <a href=\"https:\/\/backblog.zieher.cc\/index.php\/rezepte\/buttermilch-muffins\/?pfstyle=wp\" rel=\"nofollow\" onclick=\"\" title=\"Printer Friendly, PDF & Email\">\n                    <img decoding=\"async\" class=\"pf-button-img\" src=\"https:\/\/cdn.printfriendly.com\/buttons\/printfriendly-pdf-button-nobg.png\" alt=\"Print Friendly, PDF & Email\" style=\"width: 112px;height: 24px;\"  \/>\n                    <\/a>\n                <\/div>\n","protected":false},"excerpt":{"rendered":"<p>Zutaten (f\u00fcr 12 Muffins): 280 g Mehl 2 TL Backpulver 1\/2 TL Natron 1 Prise Salz 1oo g gehackte Schokolade 2 Eier 75 Zucker 75 ml \u00d6l 300 ml Buttermilch F\u00fcr die Deko: 150 g Staubzucker 2 EL Zitronensaft eventuell etwas Wasser Zuckerstreusel nach Belieben Butter und Mehl f\u00fcr die Form Zubereitung: Die Muffinform mit &hellip; <a href=\"https:\/\/backblog.zieher.cc\/index.php\/rezepte\/buttermilch-muffins\/\" class=\"more-link\"><span class=\"screen-reader-text\">Buttermilch-Muffins<\/span> weiterlesen<\/a><\/p>\n","protected":false},"author":1,"featured_media":0,"parent":39,"menu_order":0,"comment_status":"open","ping_status":"closed","template":"","meta":{"footnotes":""},"class_list":["post-321","page","type-page","status-publish","hentry"],"_links":{"self":[{"href":"https:\/\/backblog.zieher.cc\/index.php\/wp-json\/wp\/v2\/pages\/321","targetHints":{"allow":["GET"]}}],"collection":[{"href":"https:\/\/backblog.zieher.cc\/index.php\/wp-json\/wp\/v2\/pages"}],"about":[{"href":"https:\/\/backblog.zieher.cc\/index.php\/wp-json\/wp\/v2\/types\/page"}],"author":[{"embeddable":true,"href":"https:\/\/backblog.zieher.cc\/index.php\/wp-json\/wp\/v2\/users\/1"}],"replies":[{"embeddable":true,"href":"https:\/\/backblog.zieher.cc\/index.php\/wp-json\/wp\/v2\/comments?post=321"}],"version-history":[{"count":7,"href":"https:\/\/backblog.zieher.cc\/index.php\/wp-json\/wp\/v2\/pages\/321\/revisions"}],"predecessor-version":[{"id":429,"href":"https:\/\/backblog.zieher.cc\/index.php\/wp-json\/wp\/v2\/pages\/321\/revisions\/429"}],"up":[{"embeddable":true,"href":"https:\/\/backblog.zieher.cc\/index.php\/wp-json\/wp\/v2\/pages\/39"}],"wp:attachment":[{"href":"https:\/\/backblog.zieher.cc\/index.php\/wp-json\/wp\/v2\/media?parent=321"}],"curies":[{"name":"wp","href":"https:\/\/api.w.org\/{rel}","templated":true}]}}