{"id":366,"date":"2015-10-21T14:54:26","date_gmt":"2015-10-21T14:54:26","guid":{"rendered":"http:\/\/backblog.zieher.cc\/?page_id=366"},"modified":"2015-10-21T14:54:26","modified_gmt":"2015-10-21T14:54:26","slug":"kuerbiskuchen","status":"publish","type":"page","link":"https:\/\/backblog.zieher.cc\/index.php\/rezepte\/kuerbiskuchen\/","title":{"rendered":"K\u00fcrbiskuchen"},"content":{"rendered":"<table>\n<tbody>\n<tr>\n<td width=\"50%\">Zutaten (f\u00fcr eine Tarte-Form):<\/p>\n<div style=\"font-size: small;\"><strong>f\u00fcr den M\u00fcrbteig:<\/strong><\/div>\n<div style=\"font-size: small;\">125g Butter<br \/>\n75g Zucker<br \/>\n1\/2 TL Backpulver<\/div>\n<div style=\"font-size: small;\">250g Mehl<br \/>\n1 Ei<\/div>\n<div style=\"font-size: small;\"><strong>f\u00fcr die F\u00fcllung:<\/strong><br \/>\n350g K\u00fcrbismus<\/div>\n<div style=\"font-size: small;\">110g brauner Zucker<\/div>\n<div style=\"font-size: small;\">1 TL Zimt<\/div>\n<div style=\"font-size: small;\">2 EL Ahornsirup<\/div>\n<div style=\"font-size: small;\">3 Eier<\/div>\n<div style=\"font-size: small;\">200ml Schlagsahne<br \/>\n<a href=\"http:\/\/backblog.zieher.cc\/wp-content\/uploads\/2015\/10\/IMG_8039_mark.jpg\"><img loading=\"lazy\" decoding=\"async\" class=\"alignnone size-medium wp-image-362\" src=\"http:\/\/backblog.zieher.cc\/wp-content\/uploads\/2015\/10\/IMG_8039_mark-300x200.jpg\" alt=\"IMG_8039_mark\" width=\"300\" height=\"200\" srcset=\"https:\/\/backblog.zieher.cc\/wp-content\/uploads\/2015\/10\/IMG_8039_mark-300x200.jpg 300w, https:\/\/backblog.zieher.cc\/wp-content\/uploads\/2015\/10\/IMG_8039_mark-1024x682.jpg 1024w, https:\/\/backblog.zieher.cc\/wp-content\/uploads\/2015\/10\/IMG_8039_mark.jpg 1200w\" sizes=\"auto, (max-width: 300px) 100vw, 300px\" \/><\/a><\/div>\n<\/td>\n<td>Zubereitung:<\/p>\n<div style=\"font-size: small;\">Die Zutaten abwiegen. Eine Tarte-Form einfetten und mit Mehl stauben. F\u00fcr den M\u00fcrbteig Zucker und die kalte, in W\u00fcrfel geschnittene Butter mit dem Mixer verr\u00fchren. Das Ei dazugeben, Mehl und Backpulver schnell mit den H\u00e4nden einarbeiten. Den Teig-W\u00fcrfel in eine Folie einwickeln und in den K\u00fchlschrank stellen. W\u00e4hrenddessen das K\u00fcrbismus mit braunem Zucker, Zimt und Ahornsirup verr\u00fchren. Die Eier kurz verquirlen, dann dazugeben. Auch die Schlagsahne unterr\u00fchren.<\/div>\n<div style=\"font-size: small;\">Jetzt den Teig verarbeiten: Auf einer bemehlten Arbeitsfl\u00e4che den Teig auswalken und in die Form geben. Dar\u00fcber die F\u00fcllung geben. In den kurz vorgeheizten Ofen geben und den Kuchen bei 180\u00b0C Ober-\/Unterhitze f\u00fcr 50-60 Minuten backen.<\/div>\n<\/td>\n<\/tr>\n<\/tbody>\n<\/table>\n<div class=\"printfriendly pf-button  pf-alignleft\">\n                    <a href=\"https:\/\/backblog.zieher.cc\/index.php\/rezepte\/kuerbiskuchen\/?pfstyle=wp\" rel=\"nofollow\" onclick=\"\" title=\"Printer Friendly, PDF & Email\">\n                    <img decoding=\"async\" class=\"pf-button-img\" src=\"https:\/\/cdn.printfriendly.com\/buttons\/printfriendly-pdf-button-nobg.png\" alt=\"Print Friendly, PDF & Email\" style=\"width: 112px;height: 24px;\"  \/>\n                    <\/a>\n                <\/div>\n","protected":false},"excerpt":{"rendered":"<p>Zutaten (f\u00fcr eine Tarte-Form): f\u00fcr den M\u00fcrbteig: 125g Butter 75g Zucker 1\/2 TL Backpulver 250g Mehl 1 Ei f\u00fcr die F\u00fcllung: 350g K\u00fcrbismus 110g brauner Zucker 1 TL Zimt 2 EL Ahornsirup 3 Eier 200ml Schlagsahne Zubereitung: Die Zutaten abwiegen. Eine Tarte-Form einfetten und mit Mehl stauben. F\u00fcr den M\u00fcrbteig Zucker und die kalte, in &hellip; <a href=\"https:\/\/backblog.zieher.cc\/index.php\/rezepte\/kuerbiskuchen\/\" class=\"more-link\"><span class=\"screen-reader-text\">K\u00fcrbiskuchen<\/span> weiterlesen<\/a><\/p>\n","protected":false},"author":1,"featured_media":0,"parent":39,"menu_order":0,"comment_status":"open","ping_status":"closed","template":"","meta":{"footnotes":""},"class_list":["post-366","page","type-page","status-publish","hentry"],"_links":{"self":[{"href":"https:\/\/backblog.zieher.cc\/index.php\/wp-json\/wp\/v2\/pages\/366","targetHints":{"allow":["GET"]}}],"collection":[{"href":"https:\/\/backblog.zieher.cc\/index.php\/wp-json\/wp\/v2\/pages"}],"about":[{"href":"https:\/\/backblog.zieher.cc\/index.php\/wp-json\/wp\/v2\/types\/page"}],"author":[{"embeddable":true,"href":"https:\/\/backblog.zieher.cc\/index.php\/wp-json\/wp\/v2\/users\/1"}],"replies":[{"embeddable":true,"href":"https:\/\/backblog.zieher.cc\/index.php\/wp-json\/wp\/v2\/comments?post=366"}],"version-history":[{"count":2,"href":"https:\/\/backblog.zieher.cc\/index.php\/wp-json\/wp\/v2\/pages\/366\/revisions"}],"predecessor-version":[{"id":368,"href":"https:\/\/backblog.zieher.cc\/index.php\/wp-json\/wp\/v2\/pages\/366\/revisions\/368"}],"up":[{"embeddable":true,"href":"https:\/\/backblog.zieher.cc\/index.php\/wp-json\/wp\/v2\/pages\/39"}],"wp:attachment":[{"href":"https:\/\/backblog.zieher.cc\/index.php\/wp-json\/wp\/v2\/media?parent=366"}],"curies":[{"name":"wp","href":"https:\/\/api.w.org\/{rel}","templated":true}]}}