{"id":39,"date":"2015-06-14T12:27:10","date_gmt":"2015-06-14T12:27:10","guid":{"rendered":"http:\/\/backblog.zieher.cc\/?page_id=39"},"modified":"2016-08-01T20:39:59","modified_gmt":"2016-08-01T19:39:59","slug":"rezepte","status":"publish","type":"page","link":"https:\/\/backblog.zieher.cc\/index.php\/rezepte\/","title":{"rendered":"Rezepte"},"content":{"rendered":"<div class=\"toc_sitemap_posts_section\"><p class=\"toc_sitemap_posts_letter\">a<\/p><ul class=\"toc_sitemap_posts_list\"><li><a href=\"https:\/\/backblog.zieher.cc\/index.php\/2016\/01\/28\/ahornsirup-muffins-mit-schoko-creme\/\">Ahornsirup-Muffins mit Schoko-Creme<\/a><\/li><li><a href=\"https:\/\/backblog.zieher.cc\/index.php\/2016\/05\/05\/ananas-marzipan-muffins\/\">Ananas-Marzipan-Muffins<\/a><\/li><li><a href=\"https:\/\/backblog.zieher.cc\/index.php\/2015\/10\/26\/apfel-ahornsirup-gugelhupf\/\">Apfel-Ahornsirup-Gugelhupf<\/a><\/li><li><a href=\"https:\/\/backblog.zieher.cc\/index.php\/2015\/10\/31\/apfel-kuerbis-muffins-3\/\">Apfel-K\u00fcrbis-Muffins<\/a><\/li><li><a href=\"https:\/\/backblog.zieher.cc\/index.php\/2015\/09\/14\/apfel-marzipan-muffins\/\">Apfel-Marzipan-Muffins<\/a><\/li><li><a href=\"https:\/\/backblog.zieher.cc\/index.php\/2016\/07\/28\/avocado-muffins\/\">Avocado-Muffins<\/a><\/li><\/ul><\/div><div class=\"toc_sitemap_posts_section\"><p class=\"toc_sitemap_posts_letter\">b<\/p><ul class=\"toc_sitemap_posts_list\"><li><a href=\"https:\/\/backblog.zieher.cc\/index.php\/2016\/01\/13\/bananenmilch-kuerbiskern-muffins\/\">Bananenmilch-K\u00fcrbiskern-Muffins<\/a><\/li><li><a href=\"https:\/\/backblog.zieher.cc\/index.php\/2015\/12\/30\/brandteigkrapferl\/\">Brandteigkrapferl<\/a><\/li><li><a href=\"https:\/\/backblog.zieher.cc\/index.php\/2015\/10\/11\/buttermilch-muffins\/\">Buttermilch-Muffins<\/a><\/li><\/ul><\/div><div class=\"toc_sitemap_posts_section\"><p class=\"toc_sitemap_posts_letter\">e<\/p><ul class=\"toc_sitemap_posts_list\"><li><a href=\"https:\/\/backblog.zieher.cc\/index.php\/2016\/02\/27\/eierbiskotten-muffins\/\">Eierbiskotten-Muffins<\/a><\/li><li><a href=\"https:\/\/backblog.zieher.cc\/index.php\/2015\/06\/19\/erdbeer-roulade\/\">Erdbeer-Roulade<\/a><\/li><\/ul><\/div><div class=\"toc_sitemap_posts_section\"><p class=\"toc_sitemap_posts_letter\">f<\/p><ul class=\"toc_sitemap_posts_list\"><li><a href=\"https:\/\/backblog.zieher.cc\/index.php\/2016\/04\/16\/frischkaese-cappucino-muffins\/\">Frischk\u00e4se-Cappuccino-Muffins<\/a><\/li><li><a href=\"https:\/\/backblog.zieher.cc\/index.php\/2016\/02\/20\/fruehstuecksbroetchen-scones\/\">Fr\u00fchst\u00fccksbr\u00f6tchen (Scones)<\/a><\/li><\/ul><\/div><div class=\"toc_sitemap_posts_section\"><p class=\"toc_sitemap_posts_letter\">h<\/p><ul class=\"toc_sitemap_posts_list\"><li><a href=\"https:\/\/backblog.zieher.cc\/index.php\/2015\/12\/08\/haselnusskekse\/\">Haselnusskekse<\/a><\/li><li><a href=\"https:\/\/backblog.zieher.cc\/index.php\/2015\/06\/14\/heidelbeermuffins\/\">Heidelbeer-Muffins<\/a><\/li><\/ul><\/div><div class=\"toc_sitemap_posts_section\"><p class=\"toc_sitemap_posts_letter\">j<\/p><ul class=\"toc_sitemap_posts_list\"><li><a href=\"https:\/\/backblog.zieher.cc\/index.php\/2016\/03\/13\/joghurt-mini-muffins\/\">Joghurt-Mini-Muffins<\/a><\/li><\/ul><\/div><div class=\"toc_sitemap_posts_section\"><p class=\"toc_sitemap_posts_letter\">k<\/p><ul class=\"toc_sitemap_posts_list\"><li><a href=\"https:\/\/backblog.zieher.cc\/index.php\/2016\/03\/06\/kakao-buttermilch-muffins\/\">Kakao-Buttermilch-Muffins<\/a><\/li><li><a href=\"https:\/\/backblog.zieher.cc\/index.php\/2016\/03\/27\/karotten-haselnuss-muffins\/\">Karotten-Haselnuss-Muffins<\/a><\/li><li><a href=\"https:\/\/backblog.zieher.cc\/index.php\/2015\/11\/07\/karotten-muffins\/\">Karotten-Muffins<\/a><\/li><li><a href=\"https:\/\/backblog.zieher.cc\/index.php\/2016\/07\/17\/kirsch-muffins\/\">Kirsch-Muffins<\/a><\/li><li><a href=\"https:\/\/backblog.zieher.cc\/index.php\/2015\/11\/25\/kuerbiskern-monde\/\">K\u00fcrbiskern-Monde<\/a><\/li><li><a href=\"https:\/\/backblog.zieher.cc\/index.php\/2016\/01\/06\/kuerbiskern-muffins-mit-weisser-schokolade\/\">K\u00fcrbiskern-Muffins mit wei\u00dfer Schokolade<\/a><\/li><li><a href=\"https:\/\/backblog.zieher.cc\/index.php\/2015\/10\/21\/kuerbiskuchen\/\">K\u00fcrbiskuchen<\/a><\/li><\/ul><\/div><div class=\"toc_sitemap_posts_section\"><p class=\"toc_sitemap_posts_letter\">l<\/p><ul class=\"toc_sitemap_posts_list\"><li><a href=\"https:\/\/backblog.zieher.cc\/index.php\/2015\/11\/28\/lebkuchen-muffins\/\">Lebkuchen-Muffins<\/a><\/li><li><a href=\"https:\/\/backblog.zieher.cc\/index.php\/2015\/12\/15\/lebkuchenherzen\/\">Lebkuchenherzen<\/a><\/li><li><a href=\"https:\/\/backblog.zieher.cc\/index.php\/2015\/06\/17\/low-carb-bananenmuffins\/\">Low-Carb Bananenmuffins<\/a><\/li><\/ul><\/div><div class=\"toc_sitemap_posts_section\"><p class=\"toc_sitemap_posts_letter\">m<\/p><ul class=\"toc_sitemap_posts_list\"><li><a href=\"https:\/\/backblog.zieher.cc\/index.php\/2016\/02\/14\/mandel-marzipan-muffins\/\">Mandel-Marzipan-Muffins<\/a><\/li><li><a href=\"https:\/\/backblog.zieher.cc\/index.php\/2015\/09\/19\/marmorkuchen\/\">Marmorkuchen<\/a><\/li><li><a href=\"https:\/\/backblog.zieher.cc\/index.php\/2015\/10\/02\/marzipan-nuss-kuchen\/\">Marzipan-Nuss-Kuchen<\/a><\/li><li><a href=\"https:\/\/backblog.zieher.cc\/index.php\/2016\/05\/25\/mascarpone-himbeer-muffins\/\">Mascarpone-Himbeer-Muffins<\/a><\/li><li><a href=\"https:\/\/backblog.zieher.cc\/index.php\/2016\/12\/29\/mini-lebkuchen-muffins\/\">Mini-Lebkuchen-Muffins<\/a><\/li><li><a href=\"https:\/\/backblog.zieher.cc\/index.php\/2015\/10\/17\/minimuffins-mit-vanille\/\">Minimuffins mit Vanille<\/a><\/li><li><a href=\"https:\/\/backblog.zieher.cc\/index.php\/2016\/02\/07\/mokka-muffins\/\">Mokka-Muffins<\/a><\/li><\/ul><\/div><div class=\"toc_sitemap_posts_section\"><p class=\"toc_sitemap_posts_letter\">n<\/p><ul class=\"toc_sitemap_posts_list\"><li><a href=\"https:\/\/backblog.zieher.cc\/index.php\/2016\/01\/03\/neujahrs-muffins-mit-zitrone\/\">Neujahrs-Muffins mit Zitrone<\/a><\/li><li><a href=\"https:\/\/backblog.zieher.cc\/index.php\/2015\/12\/13\/nuss-plaetzchen\/\">Nuss-Pl\u00e4tzchen<\/a><\/li><\/ul><\/div><div class=\"toc_sitemap_posts_section\"><p class=\"toc_sitemap_posts_letter\">p<\/p><ul class=\"toc_sitemap_posts_list\"><li><a href=\"https:\/\/backblog.zieher.cc\/index.php\/2017\/09\/07\/pumpkin-pie-muffins\/\">Pumpkin-pie Muffins<\/a><\/li><\/ul><\/div><div class=\"toc_sitemap_posts_section\"><p class=\"toc_sitemap_posts_letter\">r<\/p><ul class=\"toc_sitemap_posts_list\"><li><a href=\"https:\/\/backblog.zieher.cc\/index.php\/2016\/04\/24\/rhabarber-buttermilch-muffins\/\">Rhabarber-Buttermilch-Muffins<\/a><\/li><li><a href=\"https:\/\/backblog.zieher.cc\/index.php\/2016\/06\/07\/rhabarber-erdbeer-kuchen\/\">Rhabarber-Erdbeer-Kuchen<\/a><\/li><li><a href=\"https:\/\/backblog.zieher.cc\/index.php\/2016\/05\/01\/rhabarber-streusel-kuchen\/\">Rhabarber-Streusel-Kuchen<\/a><\/li><\/ul><\/div><div class=\"toc_sitemap_posts_section\"><p class=\"toc_sitemap_posts_letter\">s<\/p><ul class=\"toc_sitemap_posts_list\"><li><a href=\"https:\/\/backblog.zieher.cc\/index.php\/2016\/09\/11\/schoko-chunks-muffins\/\">Schoko-Chunks-Muffins<\/a><\/li><li><a href=\"https:\/\/backblog.zieher.cc\/index.php\/2015\/11\/15\/schokolade-mascarpone-creme-kuchen\/\">Schokolade-Mascarpone-Creme-Kuchen<\/a><\/li><li><a href=\"https:\/\/backblog.zieher.cc\/index.php\/2015\/09\/23\/schokolade-raspel-muffins\/\">Schokolade-Raspel-Muffins<\/a><\/li><li><a href=\"https:\/\/backblog.zieher.cc\/index.php\/2015\/08\/29\/schokoladenmuffins\/\">Schokoladenmuffins<\/a><\/li><li><a href=\"https:\/\/backblog.zieher.cc\/index.php\/2016\/02\/15\/schwarzwaelder-kirschtorte\/\">Schwarzw\u00e4lder Kirschtorte<\/a><\/li><\/ul><\/div><div class=\"toc_sitemap_posts_section\"><p class=\"toc_sitemap_posts_letter\">t<\/p><ul class=\"toc_sitemap_posts_list\"><li><a href=\"https:\/\/backblog.zieher.cc\/index.php\/2015\/09\/26\/topfen-weichsel-kuchen\/\">Topfen-Weichsel-Kuchen<\/a><\/li><\/ul><\/div><div class=\"toc_sitemap_posts_section\"><p class=\"toc_sitemap_posts_letter\">w<\/p><ul class=\"toc_sitemap_posts_list\"><li><a href=\"https:\/\/backblog.zieher.cc\/index.php\/2015\/12\/19\/weihnachtliche-orangenmuffins\/\">Weihnachtliche Orangenmuffins<\/a><\/li><\/ul><\/div><div class=\"toc_sitemap_posts_section\"><p class=\"toc_sitemap_posts_letter\">z<\/p><ul class=\"toc_sitemap_posts_list\"><li><a href=\"https:\/\/backblog.zieher.cc\/index.php\/2016\/06\/14\/zitronen-muffins\/\">Zitronen-Muffins<\/a><\/li><li><a href=\"https:\/\/backblog.zieher.cc\/index.php\/2018\/03\/20\/zitronenkuchen\/\">Zitronenkuchen<\/a><\/li><li><a href=\"https:\/\/backblog.zieher.cc\/index.php\/2015\/08\/25\/zwetschgenkuchen\/\">Zwetschgenkuchen<\/a><\/li><\/div>\n","protected":false},"excerpt":{"rendered":"","protected":false},"author":1,"featured_media":0,"parent":0,"menu_order":1,"comment_status":"open","ping_status":"closed","template":"","meta":{"footnotes":""},"class_list":["post-39","page","type-page","status-publish","hentry"],"_links":{"self":[{"href":"https:\/\/backblog.zieher.cc\/index.php\/wp-json\/wp\/v2\/pages\/39","targetHints":{"allow":["GET"]}}],"collection":[{"href":"https:\/\/backblog.zieher.cc\/index.php\/wp-json\/wp\/v2\/pages"}],"about":[{"href":"https:\/\/backblog.zieher.cc\/index.php\/wp-json\/wp\/v2\/types\/page"}],"author":[{"embeddable":true,"href":"https:\/\/backblog.zieher.cc\/index.php\/wp-json\/wp\/v2\/users\/1"}],"replies":[{"embeddable":true,"href":"https:\/\/backblog.zieher.cc\/index.php\/wp-json\/wp\/v2\/comments?post=39"}],"version-history":[{"count":94,"href":"https:\/\/backblog.zieher.cc\/index.php\/wp-json\/wp\/v2\/pages\/39\/revisions"}],"predecessor-version":[{"id":842,"href":"https:\/\/backblog.zieher.cc\/index.php\/wp-json\/wp\/v2\/pages\/39\/revisions\/842"}],"wp:attachment":[{"href":"https:\/\/backblog.zieher.cc\/index.php\/wp-json\/wp\/v2\/media?parent=39"}],"curies":[{"name":"wp","href":"https:\/\/api.w.org\/{rel}","templated":true}]}}