{"id":512,"date":"2015-12-13T09:00:19","date_gmt":"2015-12-13T09:00:19","guid":{"rendered":"http:\/\/backblog.zieher.cc\/?page_id=512"},"modified":"2015-12-13T09:45:00","modified_gmt":"2015-12-13T09:45:00","slug":"nuss-plaetzchen","status":"publish","type":"page","link":"https:\/\/backblog.zieher.cc\/index.php\/rezepte\/nuss-plaetzchen\/","title":{"rendered":"Nuss-Pl\u00e4tzchen"},"content":{"rendered":"<table>\n<tbody>\n<tr>\n<td width=\"50%\">Zutaten (f\u00fcr ca. 50 St\u00fcck):<\/p>\n<div style=\"font-size: small;\">150 g Mehl<\/div>\n<div style=\"font-size: small;\">2 EL Honig<\/div>\n<div style=\"font-size: small;\">2 Eigelb<\/div>\n<div style=\"font-size: small;\">80 g gemahlene Haseln\u00fcsse<\/div>\n<div style=\"font-size: small;\">100 g Butter<\/div>\n<div style=\"font-size: small;\">4 EL Zucker<\/div>\n<div style=\"font-size: small;\">1 Prise Zimt<\/div>\n<div style=\"font-size: small;\"><\/div>\n<div style=\"font-size: small;\">f\u00fcr den Belag:<\/div>\n<div style=\"font-size: small;\">2 Eiwei\u00df<\/div>\n<div style=\"font-size: small;\">5 EL Zucker<\/div>\n<div style=\"font-size: small;\">100 g gemahlene N\u00fcsse (Haseln\u00fcsse, Mandeln,&#8230;)<\/div>\n<div style=\"font-size: small;\">ganze Haseln\u00fcsse oder Mandeln zum Verzieren<\/div>\n<div style=\"font-size: small;\"><\/div>\n<p><a href=\"http:\/\/backblog.zieher.cc\/wp-content\/uploads\/2015\/12\/IMG_8270_mark.jpg\"><img loading=\"lazy\" decoding=\"async\" class=\"alignnone size-medium wp-image-509\" src=\"http:\/\/backblog.zieher.cc\/wp-content\/uploads\/2015\/12\/IMG_8270_mark-300x200.jpg\" alt=\"IMG_8270_mark\" width=\"300\" height=\"200\" srcset=\"https:\/\/backblog.zieher.cc\/wp-content\/uploads\/2015\/12\/IMG_8270_mark-300x200.jpg 300w, https:\/\/backblog.zieher.cc\/wp-content\/uploads\/2015\/12\/IMG_8270_mark-1024x683.jpg 1024w, https:\/\/backblog.zieher.cc\/wp-content\/uploads\/2015\/12\/IMG_8270_mark.jpg 1200w\" sizes=\"auto, (max-width: 300px) 100vw, 300px\" \/><\/a><\/td>\n<td>Zubereitung:<\/p>\n<div style=\"font-size: small;\">Alle Zutaten bereit stellen. Butter und Honig in einem Topf bei schwacher Hitze schmelzen lassen. W\u00e4hrenddessen die Eier in zwei Gl\u00e4sern trennen. Die zwei Eigelb leicht schlagen, die Buttermasse dazu geben. In einer zweiten Sch\u00fcssel gemahlene Haseln\u00fcsse mit Mehl, Zimt und Zucker mischen. Die trockenen Zutaten mit der Eigelb-Butter-Mischung verkneten. Den Teig in Folie wickeln und 1\/2 Stunde in den K\u00fchlschrank geben. Den Teig auf einer gemehlten Arbeitsfl\u00e4che ausrollen und\u00a0 ausstechen. Die Pl\u00e4tzchen auf einem mit Backpapier ausgelegten Backblech geben. Das Eiwei\u00df mit sauberen Mixer-St\u00e4ben steif schlagen. Zucker und gemahlene N\u00fcsse unterr\u00fchren. Die Kekse mit der Eiwei\u00df-Masse bestreichen und zum Schluss eine ganze Haselnuss oder einige Mandelstifte darauf geben.<\/div>\n<div style=\"font-size: small;\">Im Ofen bei Ober-\/Unterhitze 170\u00b0C 8-12 min backen.<\/div>\n<div style=\"font-size: small;\"><\/div>\n<div style=\"font-size: small;\"><\/div>\n<div style=\"font-size: small;\"><\/div>\n<div style=\"font-size: small;\"><\/div>\n<div style=\"font-size: small;\"><\/div>\n<\/td>\n<\/tr>\n<\/tbody>\n<\/table>\n<div class=\"printfriendly pf-button  pf-alignleft\">\n                    <a href=\"https:\/\/backblog.zieher.cc\/index.php\/rezepte\/nuss-plaetzchen\/?pfstyle=wp\" rel=\"nofollow\" onclick=\"\" title=\"Printer Friendly, PDF & Email\">\n                    <img decoding=\"async\" class=\"pf-button-img\" src=\"https:\/\/cdn.printfriendly.com\/buttons\/printfriendly-pdf-button-nobg.png\" alt=\"Print Friendly, PDF & Email\" style=\"width: 112px;height: 24px;\"  \/>\n                    <\/a>\n                <\/div>\n","protected":false},"excerpt":{"rendered":"<p>Zutaten (f\u00fcr ca. 50 St\u00fcck): 150 g Mehl 2 EL Honig 2 Eigelb 80 g gemahlene Haseln\u00fcsse 100 g Butter 4 EL Zucker 1 Prise Zimt f\u00fcr den Belag: 2 Eiwei\u00df 5 EL Zucker 100 g gemahlene N\u00fcsse (Haseln\u00fcsse, Mandeln,&#8230;) ganze Haseln\u00fcsse oder Mandeln zum Verzieren Zubereitung: Alle Zutaten bereit stellen. Butter und Honig in &hellip; <a href=\"https:\/\/backblog.zieher.cc\/index.php\/rezepte\/nuss-plaetzchen\/\" class=\"more-link\"><span class=\"screen-reader-text\">Nuss-Pl\u00e4tzchen<\/span> weiterlesen<\/a><\/p>\n","protected":false},"author":1,"featured_media":0,"parent":39,"menu_order":0,"comment_status":"open","ping_status":"closed","template":"","meta":{"footnotes":""},"class_list":["post-512","page","type-page","status-publish","hentry"],"_links":{"self":[{"href":"https:\/\/backblog.zieher.cc\/index.php\/wp-json\/wp\/v2\/pages\/512","targetHints":{"allow":["GET"]}}],"collection":[{"href":"https:\/\/backblog.zieher.cc\/index.php\/wp-json\/wp\/v2\/pages"}],"about":[{"href":"https:\/\/backblog.zieher.cc\/index.php\/wp-json\/wp\/v2\/types\/page"}],"author":[{"embeddable":true,"href":"https:\/\/backblog.zieher.cc\/index.php\/wp-json\/wp\/v2\/users\/1"}],"replies":[{"embeddable":true,"href":"https:\/\/backblog.zieher.cc\/index.php\/wp-json\/wp\/v2\/comments?post=512"}],"version-history":[{"count":3,"href":"https:\/\/backblog.zieher.cc\/index.php\/wp-json\/wp\/v2\/pages\/512\/revisions"}],"predecessor-version":[{"id":517,"href":"https:\/\/backblog.zieher.cc\/index.php\/wp-json\/wp\/v2\/pages\/512\/revisions\/517"}],"up":[{"embeddable":true,"href":"https:\/\/backblog.zieher.cc\/index.php\/wp-json\/wp\/v2\/pages\/39"}],"wp:attachment":[{"href":"https:\/\/backblog.zieher.cc\/index.php\/wp-json\/wp\/v2\/media?parent=512"}],"curies":[{"name":"wp","href":"https:\/\/api.w.org\/{rel}","templated":true}]}}