{"id":523,"date":"2015-12-15T16:17:06","date_gmt":"2015-12-15T16:17:06","guid":{"rendered":"http:\/\/backblog.zieher.cc\/?page_id=523"},"modified":"2015-12-15T17:09:44","modified_gmt":"2015-12-15T17:09:44","slug":"lebkuchenherzen","status":"publish","type":"page","link":"https:\/\/backblog.zieher.cc\/index.php\/rezepte\/lebkuchenherzen\/","title":{"rendered":"Lebkuchenherzen"},"content":{"rendered":"<table>\n<tbody>\n<tr>\n<td width=\"50%\">Zutaten (f\u00fcr ca. 80 St\u00fcck):<\/p>\n<div style=\"font-size: small;\">3 Eier<\/div>\n<div style=\"font-size: small;\">400 g Zucker<\/div>\n<div style=\"font-size: small;\">250 g Honig<\/div>\n<div style=\"font-size: small;\">50 g weiche Butter<\/div>\n<div style=\"font-size: small;\">100 g Backmix (Orangeat und Citronat)<\/div>\n<div style=\"font-size: small;\">1 Pkg. Zitronenschalen-Aroma<\/div>\n<div style=\"font-size: small;\">2 TL Zitronensaft<\/div>\n<div style=\"font-size: small;\">100 g gemahlene Mandeln<\/div>\n<div style=\"font-size: small;\">1 TL Zimt<\/div>\n<div style=\"font-size: small;\">1 TL Lebkuchengew\u00fcrz<\/div>\n<div style=\"font-size: small;\">800 g Mehl<\/div>\n<div style=\"font-size: small;\">2 Pkg. Backpulver<\/div>\n<div style=\"font-size: small;\"><\/div>\n<div style=\"font-size: small;\"><\/div>\n<div style=\"font-size: small;\">Staubzucker<\/div>\n<div style=\"font-size: small;\">Zitronensaft<\/div>\n<div style=\"font-size: small;\">gestiftelte Mandeln und Zuckerdeko<\/div>\n<div style=\"font-size: small;\"><\/div>\n<p><a href=\"http:\/\/backblog.zieher.cc\/wp-content\/uploads\/2015\/12\/IMG_8282_mark.jpg\"><img loading=\"lazy\" decoding=\"async\" class=\"alignnone size-medium wp-image-526\" src=\"http:\/\/backblog.zieher.cc\/wp-content\/uploads\/2015\/12\/IMG_8282_mark-300x200.jpg\" alt=\"IMG_8282_mark\" width=\"300\" height=\"200\" srcset=\"https:\/\/backblog.zieher.cc\/wp-content\/uploads\/2015\/12\/IMG_8282_mark-300x200.jpg 300w, https:\/\/backblog.zieher.cc\/wp-content\/uploads\/2015\/12\/IMG_8282_mark-1024x683.jpg 1024w, https:\/\/backblog.zieher.cc\/wp-content\/uploads\/2015\/12\/IMG_8282_mark.jpg 1200w\" sizes=\"auto, (max-width: 300px) 100vw, 300px\" \/><\/a><\/td>\n<td>Zubereitung:<\/p>\n<div style=\"font-size: small;\">Alle Zutaten bereit stellen. Die Butter soll weich sein. Den Backmix klein schneiden. In einer gro\u00dfen Sch\u00fcssel die Eier und den Zucker langsam schaumig r\u00fchren. Honig, Zimt, Lebkuchengew\u00fcrz, Zitronenschale und Zitronensaft mit dem Mixer unterr\u00fchren. Das Mehl mit dem Backpulver mischen und zuerst mit einem Kochl\u00f6ffel\u00a0 unterheben. Dann auch mit der Hand gut kneten. Den Teig in Folie einwickeln und f\u00fcr 2 Stunden in den K\u00fchlschrank geben. Ein Backblech mit Backpapier auslegen. Den Teig ausrollen und die Herzen ausstechen. Eventuell zus\u00e4tzliches Mehl verwenden.Die Kekse bei 200 \u00b0C Ober-\/Unterhitze 12-15 Minuten backen.<\/div>\n<div style=\"font-size: small;\">W\u00e4hrenddessen Staubzucker mit Zitronensaft und Wasser zu einem dicklichen Guss verr\u00fchren. Die abgek\u00fchlten Lebkuchen bestreichen. Die gestiftelten Mandeln halbieren. Die Mandeln und die Streudeko auf den noch feuchten Guss geben.<\/div>\n<div style=\"font-size: small;\"><\/div>\n<div style=\"font-size: small;\"><\/div>\n<div style=\"font-size: small;\"><\/div>\n<\/td>\n<\/tr>\n<\/tbody>\n<\/table>\n<div class=\"printfriendly pf-button  pf-alignleft\">\n                    <a href=\"https:\/\/backblog.zieher.cc\/index.php\/rezepte\/lebkuchenherzen\/?pfstyle=wp\" rel=\"nofollow\" onclick=\"\" title=\"Printer Friendly, PDF & Email\">\n                    <img decoding=\"async\" class=\"pf-button-img\" src=\"https:\/\/cdn.printfriendly.com\/buttons\/printfriendly-pdf-button-nobg.png\" alt=\"Print Friendly, PDF & Email\" style=\"width: 112px;height: 24px;\"  \/>\n                    <\/a>\n                <\/div>\n","protected":false},"excerpt":{"rendered":"<p>Zutaten (f\u00fcr ca. 80 St\u00fcck): 3 Eier 400 g Zucker 250 g Honig 50 g weiche Butter 100 g Backmix (Orangeat und Citronat) 1 Pkg. Zitronenschalen-Aroma 2 TL Zitronensaft 100 g gemahlene Mandeln 1 TL Zimt 1 TL Lebkuchengew\u00fcrz 800 g Mehl 2 Pkg. Backpulver Staubzucker Zitronensaft gestiftelte Mandeln und Zuckerdeko Zubereitung: Alle Zutaten bereit &hellip; <a href=\"https:\/\/backblog.zieher.cc\/index.php\/rezepte\/lebkuchenherzen\/\" class=\"more-link\"><span class=\"screen-reader-text\">Lebkuchenherzen<\/span> weiterlesen<\/a><\/p>\n","protected":false},"author":1,"featured_media":0,"parent":39,"menu_order":0,"comment_status":"open","ping_status":"closed","template":"","meta":{"footnotes":""},"class_list":["post-523","page","type-page","status-publish","hentry"],"_links":{"self":[{"href":"https:\/\/backblog.zieher.cc\/index.php\/wp-json\/wp\/v2\/pages\/523","targetHints":{"allow":["GET"]}}],"collection":[{"href":"https:\/\/backblog.zieher.cc\/index.php\/wp-json\/wp\/v2\/pages"}],"about":[{"href":"https:\/\/backblog.zieher.cc\/index.php\/wp-json\/wp\/v2\/types\/page"}],"author":[{"embeddable":true,"href":"https:\/\/backblog.zieher.cc\/index.php\/wp-json\/wp\/v2\/users\/1"}],"replies":[{"embeddable":true,"href":"https:\/\/backblog.zieher.cc\/index.php\/wp-json\/wp\/v2\/comments?post=523"}],"version-history":[{"count":7,"href":"https:\/\/backblog.zieher.cc\/index.php\/wp-json\/wp\/v2\/pages\/523\/revisions"}],"predecessor-version":[{"id":542,"href":"https:\/\/backblog.zieher.cc\/index.php\/wp-json\/wp\/v2\/pages\/523\/revisions\/542"}],"up":[{"embeddable":true,"href":"https:\/\/backblog.zieher.cc\/index.php\/wp-json\/wp\/v2\/pages\/39"}],"wp:attachment":[{"href":"https:\/\/backblog.zieher.cc\/index.php\/wp-json\/wp\/v2\/media?parent=523"}],"curies":[{"name":"wp","href":"https:\/\/api.w.org\/{rel}","templated":true}]}}