{"id":585,"date":"2016-01-03T09:00:45","date_gmt":"2016-01-03T09:00:45","guid":{"rendered":"http:\/\/backblog.zieher.cc\/?page_id=585"},"modified":"2016-01-03T09:00:45","modified_gmt":"2016-01-03T09:00:45","slug":"neujahrs-muffins-mit-zitrone","status":"publish","type":"page","link":"https:\/\/backblog.zieher.cc\/index.php\/rezepte\/neujahrs-muffins-mit-zitrone\/","title":{"rendered":"Neujahrs-Muffins mit Zitrone"},"content":{"rendered":"<table>\n<tbody>\n<tr>\n<td width=\"50%\">Zutaten (f\u00fcr ca. 12 St\u00fcck):<\/p>\n<div style=\"font-size: small;\">Papierf\u00f6rmchen f\u00fcr das Muffin-Blech<\/div>\n<div style=\"font-size: small;\">250 g\u00a0 Mehl<br \/>\n2 unbehandelte Zitronen<\/div>\n<div style=\"font-size: small;\">1 Pkg Vanillezucker<\/div>\n<div style=\"font-size: small;\">2 TL Backpulver<br \/>\n1\/2 TL Natron<\/div>\n<div style=\"font-size: small;\">eine Prise Salz<br \/>\n125 g weiche Butter<\/div>\n<div style=\"font-size: small;\">3 Eier<\/div>\n<div style=\"font-size: small;\">250 g Naturjoghurt<\/div>\n<div style=\"font-size: small;\">200 g Zucker<\/div>\n<div style=\"font-size: small;\"><\/div>\n<div style=\"font-size: small;\"><\/div>\n<div style=\"font-size: small;\">Staubzucker<\/div>\n<div style=\"font-size: small;\">Zitronensaft<\/div>\n<div style=\"font-size: small;\">rote Lebensmittelfarbe<\/div>\n<div style=\"font-size: small;\">wei\u00dfe Zuckerherzen<\/div>\n<div style=\"font-size: small;\"><\/div>\n<div style=\"font-size: small;\"><a href=\"http:\/\/backblog.zieher.cc\/wp-content\/uploads\/2016\/01\/IMG_8492_mark.jpg\"><img loading=\"lazy\" decoding=\"async\" class=\"alignnone size-medium wp-image-580\" src=\"http:\/\/backblog.zieher.cc\/wp-content\/uploads\/2016\/01\/IMG_8492_mark-300x200.jpg\" alt=\"IMG_8492_mark\" width=\"300\" height=\"200\" srcset=\"https:\/\/backblog.zieher.cc\/wp-content\/uploads\/2016\/01\/IMG_8492_mark-300x200.jpg 300w, https:\/\/backblog.zieher.cc\/wp-content\/uploads\/2016\/01\/IMG_8492_mark-1024x683.jpg 1024w, https:\/\/backblog.zieher.cc\/wp-content\/uploads\/2016\/01\/IMG_8492_mark.jpg 1200w\" sizes=\"auto, (max-width: 300px) 100vw, 300px\" \/><\/a><\/div>\n<\/td>\n<td>Zubereitung:<\/p>\n<div style=\"font-size: small;\">Alle Zutaten bereit stellen. In ein Muffinblech Papierf\u00f6rmchen hineinsetzen. Die Zitronen\u00a0 waschen und trocken tupfen. Die Schale abreiben, die Zitronen halbieren und den Saft auspressen.<\/div>\n<div style=\"font-size: small;\">In einer Sch\u00fcssel das Mehl mit dem Vanillezucker, der Zitronenschale, dem Backpulver, dem Natron und einer Prise Salz\u00a0 vermischen.<\/div>\n<div style=\"font-size: small;\">In einer zweiten Sch\u00fcssel die weiche Butter mit dem Zucker schaumig schlagen. Die Eier, den Joghurt und den Zitronensaft zuf\u00fcgen. Die Mehlmischung zur Buttermasse geben und z\u00fcgig verr\u00fchren.<\/div>\n<div style=\"font-size: small;\">\u00a0Den Ofen auf Ober-\/Unterhitze 180\u00b0C vorheizen. Die Masse gleichm\u00e4\u00dfig in die Vertiefungen der Muffinform f\u00fcllen und 25 Minuten goldbraun backen.<\/div>\n<div style=\"font-size: small;\">Die Muffins ca. 5 Minuten in der Form ruhen lassen. W\u00e4hrenddessen Staubzucker, etwas Zitronensaft und rote Lebensmittelfarbe zu einem z\u00e4hfl\u00fcssigen Guss verr\u00fchren. Die Glasur auf die ausgek\u00fchlten Muffins geben. Sofort die wei\u00dfen Zuckerherzen auf dem Guss verteilen.<\/div>\n<div style=\"font-size: small;\"><\/div>\n<div style=\"font-size: small;\"><\/div>\n<\/td>\n<\/tr>\n<\/tbody>\n<\/table>\n<div class=\"printfriendly pf-button  pf-alignleft\">\n                    <a href=\"https:\/\/backblog.zieher.cc\/index.php\/rezepte\/neujahrs-muffins-mit-zitrone\/?pfstyle=wp\" rel=\"nofollow\" onclick=\"\" title=\"Printer Friendly, PDF & Email\">\n                    <img decoding=\"async\" class=\"pf-button-img\" src=\"https:\/\/cdn.printfriendly.com\/buttons\/printfriendly-pdf-button-nobg.png\" alt=\"Print Friendly, PDF & Email\" style=\"width: 112px;height: 24px;\"  \/>\n                    <\/a>\n                <\/div>\n","protected":false},"excerpt":{"rendered":"<p>Zutaten (f\u00fcr ca. 12 St\u00fcck): Papierf\u00f6rmchen f\u00fcr das Muffin-Blech 250 g\u00a0 Mehl 2 unbehandelte Zitronen 1 Pkg Vanillezucker 2 TL Backpulver 1\/2 TL Natron eine Prise Salz 125 g weiche Butter 3 Eier 250 g Naturjoghurt 200 g Zucker Staubzucker Zitronensaft rote Lebensmittelfarbe wei\u00dfe Zuckerherzen Zubereitung: Alle Zutaten bereit stellen. In ein Muffinblech Papierf\u00f6rmchen hineinsetzen. &hellip; <a href=\"https:\/\/backblog.zieher.cc\/index.php\/rezepte\/neujahrs-muffins-mit-zitrone\/\" class=\"more-link\"><span class=\"screen-reader-text\">Neujahrs-Muffins mit Zitrone<\/span> weiterlesen<\/a><\/p>\n","protected":false},"author":1,"featured_media":0,"parent":39,"menu_order":0,"comment_status":"open","ping_status":"closed","template":"","meta":{"footnotes":""},"class_list":["post-585","page","type-page","status-publish","hentry"],"_links":{"self":[{"href":"https:\/\/backblog.zieher.cc\/index.php\/wp-json\/wp\/v2\/pages\/585","targetHints":{"allow":["GET"]}}],"collection":[{"href":"https:\/\/backblog.zieher.cc\/index.php\/wp-json\/wp\/v2\/pages"}],"about":[{"href":"https:\/\/backblog.zieher.cc\/index.php\/wp-json\/wp\/v2\/types\/page"}],"author":[{"embeddable":true,"href":"https:\/\/backblog.zieher.cc\/index.php\/wp-json\/wp\/v2\/users\/1"}],"replies":[{"embeddable":true,"href":"https:\/\/backblog.zieher.cc\/index.php\/wp-json\/wp\/v2\/comments?post=585"}],"version-history":[{"count":1,"href":"https:\/\/backblog.zieher.cc\/index.php\/wp-json\/wp\/v2\/pages\/585\/revisions"}],"predecessor-version":[{"id":586,"href":"https:\/\/backblog.zieher.cc\/index.php\/wp-json\/wp\/v2\/pages\/585\/revisions\/586"}],"up":[{"embeddable":true,"href":"https:\/\/backblog.zieher.cc\/index.php\/wp-json\/wp\/v2\/pages\/39"}],"wp:attachment":[{"href":"https:\/\/backblog.zieher.cc\/index.php\/wp-json\/wp\/v2\/media?parent=585"}],"curies":[{"name":"wp","href":"https:\/\/api.w.org\/{rel}","templated":true}]}}