{"id":629,"date":"2016-01-28T13:23:06","date_gmt":"2016-01-28T13:23:06","guid":{"rendered":"http:\/\/backblog.zieher.cc\/?page_id=629"},"modified":"2016-05-29T10:15:06","modified_gmt":"2016-05-29T09:15:06","slug":"ahornsirup-muffins-mit-schoko-creme","status":"publish","type":"page","link":"https:\/\/backblog.zieher.cc\/index.php\/rezepte\/ahornsirup-muffins-mit-schoko-creme\/","title":{"rendered":"Ahornsirup-Muffins mit Schoko-Creme"},"content":{"rendered":"<table>\n<tbody>\n<tr>\n<td width=\"50%\">Zutaten (f\u00fcr 9 Muffins):<\/p>\n<div style=\"font-size: small;\">200 ml Wasser<\/div>\n<div style=\"font-size: small;\">80 g weiche Butter<br \/>\n250 g Mehl<\/div>\n<div style=\"font-size: small;\">1 EL Ahornsirup<\/div>\n<div style=\"font-size: small;\">3 EL Milch<\/div>\n<div style=\"font-size: small;\">1 Vanilleschote<\/div>\n<div style=\"font-size: small;\">1 TL Natron<\/div>\n<div style=\"font-size: small;\">80 g Zucker<\/div>\n<div style=\"font-size: small;\">2 EL Kakaopulver<\/div>\n<div style=\"font-size: small;\"><\/div>\n<div style=\"font-size: small;\"><strong><em>f\u00fcr die Creme:<\/em><\/strong><\/div>\n<div style=\"font-size: small;\">100 g Schokolade<\/div>\n<div style=\"font-size: small;\">4 EL Wasser<\/div>\n<div style=\"font-size: small;\">50 g Butter<\/div>\n<div style=\"font-size: small;\">Staubzucker<\/div>\n<div style=\"font-size: small;\"><\/div>\n<div style=\"font-size: small;\">Dekoherzen o.\u00c4. nach Belieben<\/div>\n<p><a href=\"http:\/\/backblog.zieher.cc\/wp-content\/uploads\/2016\/01\/IMG_8504_mark.jpg\" rel=\"attachment wp-att-633\"><img loading=\"lazy\" decoding=\"async\" class=\"alignnone size-medium wp-image-633\" src=\"http:\/\/backblog.zieher.cc\/wp-content\/uploads\/2016\/01\/IMG_8504_mark-300x200.jpg\" alt=\"IMG_8504_mark\" width=\"300\" height=\"200\" srcset=\"https:\/\/backblog.zieher.cc\/wp-content\/uploads\/2016\/01\/IMG_8504_mark-300x200.jpg 300w, https:\/\/backblog.zieher.cc\/wp-content\/uploads\/2016\/01\/IMG_8504_mark-768x512.jpg 768w, https:\/\/backblog.zieher.cc\/wp-content\/uploads\/2016\/01\/IMG_8504_mark-1024x683.jpg 1024w, https:\/\/backblog.zieher.cc\/wp-content\/uploads\/2016\/01\/IMG_8504_mark.jpg 1200w\" sizes=\"auto, (max-width: 300px) 100vw, 300px\" \/><\/a><\/td>\n<td>Zubereitung:<\/p>\n<div style=\"font-size: small;\">Die Zutaten bereit stellen. Eine Muffinform mit Papierf\u00f6rmchen auslegen. Wasser, Butter, Zucker und Ahornsirup in einem Topf unter R\u00fchren erhitzen, 5 Minuten k\u00f6cheln und abk\u00fchlen lassen.<\/div>\n<div style=\"font-size: small;\">In einer Sch\u00fcssel Mehl, Natron und Kakaopulver mischen. 3 EL Milch mit dem Vanillemark in einem Becher verr\u00fchren. Die abgek\u00fchlte Butter-Masse und die Vanille-Milch zu den trockenen Zutaten geben und kurz unterr\u00fchren.<\/div>\n<div style=\"font-size: small;\">Den Ofen auf Ober-\/Unterhitze 180\u00b0C vorheizen und den Teig in die Muffinformen geben. Die Muffins 15-20 Minuten backen und ausk\u00fchlen lassen. W\u00e4hrenddessen die zerkleinerte Schokolade mit 4 EL Wasser und Butter bei niedriger Temperatur unter R\u00fchren schmelzen. Staubzucker darunterr\u00fchren. Soviel Staubzucker zugeben bis eine streichf\u00e4hige Masse entsteht. Die Masse mit einem Messer auf den Muffins verteilen und sofort Deko-Herzen oder Perlen draufgeben.<\/div>\n<div style=\"font-size: small;\"><\/div>\n<div style=\"font-size: small;\"><\/div>\n<div style=\"font-size: small;\"><\/div>\n<\/td>\n<\/tr>\n<\/tbody>\n<\/table>\n<div class=\"printfriendly pf-button  pf-alignleft\">\n                    <a href=\"https:\/\/backblog.zieher.cc\/index.php\/rezepte\/ahornsirup-muffins-mit-schoko-creme\/?pfstyle=wp\" rel=\"nofollow\" onclick=\"\" title=\"Printer Friendly, PDF & Email\">\n                    <img decoding=\"async\" class=\"pf-button-img\" src=\"https:\/\/cdn.printfriendly.com\/buttons\/printfriendly-pdf-button-nobg.png\" alt=\"Print Friendly, PDF & Email\" style=\"width: 112px;height: 24px;\"  \/>\n                    <\/a>\n                <\/div>\n","protected":false},"excerpt":{"rendered":"<p>Zutaten (f\u00fcr 9 Muffins): 200 ml Wasser 80 g weiche Butter 250 g Mehl 1 EL Ahornsirup 3 EL Milch 1 Vanilleschote 1 TL Natron 80 g Zucker 2 EL Kakaopulver f\u00fcr die Creme: 100 g Schokolade 4 EL Wasser 50 g Butter Staubzucker Dekoherzen o.\u00c4. nach Belieben Zubereitung: Die Zutaten bereit stellen. Eine Muffinform &hellip; <a href=\"https:\/\/backblog.zieher.cc\/index.php\/rezepte\/ahornsirup-muffins-mit-schoko-creme\/\" class=\"more-link\"><span class=\"screen-reader-text\">Ahornsirup-Muffins mit Schoko-Creme<\/span> weiterlesen<\/a><\/p>\n","protected":false},"author":1,"featured_media":0,"parent":39,"menu_order":0,"comment_status":"closed","ping_status":"closed","template":"","meta":{"footnotes":""},"class_list":["post-629","page","type-page","status-publish","hentry"],"_links":{"self":[{"href":"https:\/\/backblog.zieher.cc\/index.php\/wp-json\/wp\/v2\/pages\/629","targetHints":{"allow":["GET"]}}],"collection":[{"href":"https:\/\/backblog.zieher.cc\/index.php\/wp-json\/wp\/v2\/pages"}],"about":[{"href":"https:\/\/backblog.zieher.cc\/index.php\/wp-json\/wp\/v2\/types\/page"}],"author":[{"embeddable":true,"href":"https:\/\/backblog.zieher.cc\/index.php\/wp-json\/wp\/v2\/users\/1"}],"replies":[{"embeddable":true,"href":"https:\/\/backblog.zieher.cc\/index.php\/wp-json\/wp\/v2\/comments?post=629"}],"version-history":[{"count":5,"href":"https:\/\/backblog.zieher.cc\/index.php\/wp-json\/wp\/v2\/pages\/629\/revisions"}],"predecessor-version":[{"id":800,"href":"https:\/\/backblog.zieher.cc\/index.php\/wp-json\/wp\/v2\/pages\/629\/revisions\/800"}],"up":[{"embeddable":true,"href":"https:\/\/backblog.zieher.cc\/index.php\/wp-json\/wp\/v2\/pages\/39"}],"wp:attachment":[{"href":"https:\/\/backblog.zieher.cc\/index.php\/wp-json\/wp\/v2\/media?parent=629"}],"curies":[{"name":"wp","href":"https:\/\/api.w.org\/{rel}","templated":true}]}}