{"id":642,"date":"2016-02-07T17:30:52","date_gmt":"2016-02-07T17:30:52","guid":{"rendered":"http:\/\/backblog.zieher.cc\/?page_id=642"},"modified":"2016-02-11T14:20:34","modified_gmt":"2016-02-11T14:20:34","slug":"mokka-muffins","status":"publish","type":"page","link":"https:\/\/backblog.zieher.cc\/index.php\/rezepte\/mokka-muffins\/","title":{"rendered":"Mokka-Muffins"},"content":{"rendered":"<table>\n<tbody>\n<tr>\n<td width=\"50%\">Zutaten (f\u00fcr 12 Muffins):<\/p>\n<div style=\"font-size: small;\">250 ml Milch<\/div>\n<div style=\"font-size: small;\">3 EL Kaffeepulver<br \/>\n75 g Mokkabohnen<\/div>\n<div style=\"font-size: small;\">75 g Zucker<\/div>\n<div style=\"font-size: small;\">250 g Mehl<\/div>\n<div style=\"font-size: small;\">1\/2 Pkg Backpulver<br \/>\n100 g weiche Butter<\/div>\n<div style=\"font-size: small;\">2 Eier<\/div>\n<div style=\"font-size: small;\">Salz<\/div>\n<div style=\"font-size: small;\"><\/div>\n<div style=\"font-size: small;\"><\/div>\n<div style=\"font-size: small;\"><strong>f\u00fcr die Creme:<\/strong><\/div>\n<div style=\"font-size: small;\">200 g Schokolade<\/div>\n<div style=\"font-size: small;\">Butter<\/div>\n<div style=\"font-size: small;\">Staubzucker<\/div>\n<p><a href=\"http:\/\/backblog.zieher.cc\/wp-content\/uploads\/2016\/02\/IMG_8515_mark.jpg\" rel=\"attachment wp-att-644\"><img loading=\"lazy\" decoding=\"async\" class=\"alignnone size-medium wp-image-644\" src=\"http:\/\/backblog.zieher.cc\/wp-content\/uploads\/2016\/02\/IMG_8515_mark-300x200.jpg\" alt=\"mokka-muffins\" width=\"300\" height=\"200\" srcset=\"https:\/\/backblog.zieher.cc\/wp-content\/uploads\/2016\/02\/IMG_8515_mark-300x200.jpg 300w, https:\/\/backblog.zieher.cc\/wp-content\/uploads\/2016\/02\/IMG_8515_mark-768x512.jpg 768w, https:\/\/backblog.zieher.cc\/wp-content\/uploads\/2016\/02\/IMG_8515_mark-1024x683.jpg 1024w, https:\/\/backblog.zieher.cc\/wp-content\/uploads\/2016\/02\/IMG_8515_mark.jpg 1200w\" sizes=\"auto, (max-width: 300px) 100vw, 300px\" \/><\/a><\/td>\n<td>Zubereitung:<\/p>\n<div style=\"font-size: small;\">Alle Zutaten bereit stellen. Eine 12er-Muffinform mit Papierf\u00f6rmchen auslegen. 12 ganze Mokkabohnen zur Seite stellen. Die restlichen Mokkabohnen mit einem Messer zerkleinern.<\/div>\n<div style=\"font-size: small;\">In einer Sch\u00fcssel Zucker, weiche Butter und 2 Eier gut vermixen. In einer zweiten Sch\u00fcssel Mehl, Backpulver und Salz verr\u00fchren.<\/div>\n<div style=\"font-size: small;\">Die Milch leicht erw\u00e4rmen und das Kaffepulver darin aufl\u00f6sen. Die Mehlmischung und die Mokkabohnen zur Buttermasse geben. Auch die Kaffeemilch dazugeben. Alles z\u00fcgig verr\u00fchren.<\/div>\n<div style=\"font-size: small;\">W\u00e4hrend der Ofen bei Ober-\/Unterhitze 200\u00b0C vorheizt, den Teig gleichm\u00e4\u00dfig in die F\u00f6rmchen f\u00fcllen. Die Muffins 20 Minuten backen.<\/div>\n<div style=\"font-size: small;\">Die Muffins abk\u00fchlen lassen. F\u00fcr die Creme Schokolade und Butter schmelzen, mit Staubzucker gut verr\u00fchren. Die Creme auf die Muffins streichen und eine Mokkabohne in die Mitte setzen.<\/div>\n<div style=\"font-size: small;\"><\/div>\n<div style=\"font-size: small;\"><\/div>\n<div style=\"font-size: small;\"><\/div>\n<\/td>\n<\/tr>\n<\/tbody>\n<\/table>\n<div class=\"printfriendly pf-button  pf-alignleft\">\n                    <a href=\"https:\/\/backblog.zieher.cc\/index.php\/rezepte\/mokka-muffins\/?pfstyle=wp\" rel=\"nofollow\" onclick=\"\" title=\"Printer Friendly, PDF & Email\">\n                    <img decoding=\"async\" class=\"pf-button-img\" src=\"https:\/\/cdn.printfriendly.com\/buttons\/printfriendly-pdf-button-nobg.png\" alt=\"Print Friendly, PDF & Email\" style=\"width: 112px;height: 24px;\"  \/>\n                    <\/a>\n                <\/div>\n","protected":false},"excerpt":{"rendered":"<p>Zutaten (f\u00fcr 12 Muffins): 250 ml Milch 3 EL Kaffeepulver 75 g Mokkabohnen 75 g Zucker 250 g Mehl 1\/2 Pkg Backpulver 100 g weiche Butter 2 Eier Salz f\u00fcr die Creme: 200 g Schokolade Butter Staubzucker Zubereitung: Alle Zutaten bereit stellen. Eine 12er-Muffinform mit Papierf\u00f6rmchen auslegen. 12 ganze Mokkabohnen zur Seite stellen. Die restlichen &hellip; <a href=\"https:\/\/backblog.zieher.cc\/index.php\/rezepte\/mokka-muffins\/\" class=\"more-link\"><span class=\"screen-reader-text\">Mokka-Muffins<\/span> weiterlesen<\/a><\/p>\n","protected":false},"author":1,"featured_media":0,"parent":39,"menu_order":0,"comment_status":"closed","ping_status":"closed","template":"","meta":{"footnotes":""},"class_list":["post-642","page","type-page","status-publish","hentry"],"_links":{"self":[{"href":"https:\/\/backblog.zieher.cc\/index.php\/wp-json\/wp\/v2\/pages\/642","targetHints":{"allow":["GET"]}}],"collection":[{"href":"https:\/\/backblog.zieher.cc\/index.php\/wp-json\/wp\/v2\/pages"}],"about":[{"href":"https:\/\/backblog.zieher.cc\/index.php\/wp-json\/wp\/v2\/types\/page"}],"author":[{"embeddable":true,"href":"https:\/\/backblog.zieher.cc\/index.php\/wp-json\/wp\/v2\/users\/1"}],"replies":[{"embeddable":true,"href":"https:\/\/backblog.zieher.cc\/index.php\/wp-json\/wp\/v2\/comments?post=642"}],"version-history":[{"count":3,"href":"https:\/\/backblog.zieher.cc\/index.php\/wp-json\/wp\/v2\/pages\/642\/revisions"}],"predecessor-version":[{"id":650,"href":"https:\/\/backblog.zieher.cc\/index.php\/wp-json\/wp\/v2\/pages\/642\/revisions\/650"}],"up":[{"embeddable":true,"href":"https:\/\/backblog.zieher.cc\/index.php\/wp-json\/wp\/v2\/pages\/39"}],"wp:attachment":[{"href":"https:\/\/backblog.zieher.cc\/index.php\/wp-json\/wp\/v2\/media?parent=642"}],"curies":[{"name":"wp","href":"https:\/\/api.w.org\/{rel}","templated":true}]}}