{"id":666,"date":"2016-02-15T16:44:09","date_gmt":"2016-02-15T16:44:09","guid":{"rendered":"http:\/\/backblog.zieher.cc\/?page_id=666"},"modified":"2016-02-15T16:44:09","modified_gmt":"2016-02-15T16:44:09","slug":"schwarzwaelder-kirschtorte","status":"publish","type":"page","link":"https:\/\/backblog.zieher.cc\/index.php\/rezepte\/schwarzwaelder-kirschtorte\/","title":{"rendered":"Schwarzw\u00e4lder Kirschtorte"},"content":{"rendered":"<table>\n<tbody>\n<tr>\n<td width=\"50%\">Zutaten (f\u00fcr 1 Springform \u00d8 28cm):<\/p>\n<div style=\"font-size: small;\">\n<div style=\"font-size: small;\">200 g Mehl<\/div>\n<div style=\"font-size: small;\">50 g Kakao<\/div>\n<p>250 g Zucker<br \/>\n5 Eier<br \/>\n2 1\/2 TL Backpulver<br \/>\n1 Pkg. Vanillezucker\n<\/p><\/div>\n<div style=\"font-size: small;\"><em><strong>f\u00fcr die F\u00fclle und die Verzierung :<\/strong><\/em><\/div>\n<div style=\"font-size: small;\">1 Glas Weichseln mit Saft<\/div>\n<div style=\"font-size: small;\">1 Pkg Tortengelee\/Tortenguss klar<\/div>\n<div style=\"font-size: small;\">1 EL Zucker<\/div>\n<div style=\"font-size: small;\">etwas Kirchwasser oder Obstschnaps<\/div>\n<div style=\"font-size: small;\">5 Becher Schlagobers<\/div>\n<div style=\"font-size: small;\">1 Pkg Vanillezucker<\/div>\n<div style=\"font-size: small;\">Schokolade, geraspelt<\/div>\n<div style=\"font-size: small;\"><\/div>\n<div style=\"font-size: small;\"><\/div>\n<div style=\"font-size: small;\"><a href=\"http:\/\/backblog.zieher.cc\/wp-content\/uploads\/2016\/02\/IMG_8552_mark.jpg\" rel=\"attachment wp-att-659\"><img loading=\"lazy\" decoding=\"async\" class=\"alignnone size-medium wp-image-659\" src=\"http:\/\/backblog.zieher.cc\/wp-content\/uploads\/2016\/02\/IMG_8552_mark-300x200.jpg\" alt=\"IMG_8552_mark\" width=\"300\" height=\"200\" srcset=\"https:\/\/backblog.zieher.cc\/wp-content\/uploads\/2016\/02\/IMG_8552_mark-300x200.jpg 300w, https:\/\/backblog.zieher.cc\/wp-content\/uploads\/2016\/02\/IMG_8552_mark-768x512.jpg 768w, https:\/\/backblog.zieher.cc\/wp-content\/uploads\/2016\/02\/IMG_8552_mark-1024x683.jpg 1024w, https:\/\/backblog.zieher.cc\/wp-content\/uploads\/2016\/02\/IMG_8552_mark.jpg 1200w\" sizes=\"auto, (max-width: 300px) 100vw, 300px\" \/><\/a><\/div>\n<\/td>\n<td>Zubereitung:<\/p>\n<div style=\"font-size: small;\">Den dunklen Biskuitteig machen wir schon am Vormittag: Zuerst wird die 28er-Springform gebuttert. Dann wird Mehl und Kakao gemeinsam abgemessen. Auch der Zucker wird abgewogen und der Vanillezucker wird dazu gegeben. Als n\u00e4chstes werden die 5 Eier getrennt. Das Eiklar mixen und den Zucker dazugeben. Anschlie\u00dfend die Eigelb dazugeben. Die Mehl-Mischung einsieben und unterr\u00fchren. Den Teig in die Springform f\u00fcllen und f\u00fcr 15-20 Minuten bei 170\u00b0C backen. Weichseln und Saft trennen. F\u00fcr die Deko ganz am Schluss 14-16 Weichseln auf die Seite legen. In einem Topf den Weichselsaft mit Zucker und Tortengelee eindicken. Erst am Abend machen wir mit der Sahne-Deko weiter: Den Biskuitteig zweimal durchschneiden. Zuerst drei Becher Sahne schlagen. Den Vanillezucker dazur\u00fchren. Den untersten Teil mit Obstler tr\u00e4nken. Dann die H\u00e4lfte des eingedickten Weichselsaftes aufstreichen. Ebenfalls die H\u00e4lfte der Weichseln auf dem Teig verteilen. Ca. 3 EL Sahne darauf\u00a0 geben. Den zweiten Boden auflegen. Den Vorgang wiederholen. Den obersten Boden auflegen. Die Torte mit Sahne bestreichen. Die restlichen 2 Becher Sahne in einer frischen Sch\u00fcssel schlagen. Mit einem Spritzbeutel Tupfen rundherum auftragen. Zu jedem Tupfen eine Sauerkirsche legen. Die Torte \u00fcber Nacht in den K\u00fchlschrank stellen.<\/div>\n<div style=\"font-size: small;\">Die Schokolade raspeln wir erst am n\u00e4chsten Tag. Die Schokolade-Raspeln gro\u00dfz\u00fcgig in der Mitte auftragen.<\/div>\n<\/td>\n<\/tr>\n<\/tbody>\n<\/table>\n<div class=\"printfriendly pf-button  pf-alignleft\">\n                    <a href=\"https:\/\/backblog.zieher.cc\/index.php\/rezepte\/schwarzwaelder-kirschtorte\/?pfstyle=wp\" rel=\"nofollow\" onclick=\"\" title=\"Printer Friendly, PDF & Email\">\n                    <img decoding=\"async\" class=\"pf-button-img\" src=\"https:\/\/cdn.printfriendly.com\/buttons\/printfriendly-pdf-button-nobg.png\" alt=\"Print Friendly, PDF & Email\" style=\"width: 112px;height: 24px;\"  \/>\n                    <\/a>\n                <\/div>\n","protected":false},"excerpt":{"rendered":"<p>Zutaten (f\u00fcr 1 Springform \u00d8 28cm): 200 g Mehl 50 g Kakao 250 g Zucker 5 Eier 2 1\/2 TL Backpulver 1 Pkg. Vanillezucker f\u00fcr die F\u00fclle und die Verzierung : 1 Glas Weichseln mit Saft 1 Pkg Tortengelee\/Tortenguss klar 1 EL Zucker etwas Kirchwasser oder Obstschnaps 5 Becher Schlagobers 1 Pkg Vanillezucker Schokolade, geraspelt &hellip; <a href=\"https:\/\/backblog.zieher.cc\/index.php\/rezepte\/schwarzwaelder-kirschtorte\/\" class=\"more-link\"><span class=\"screen-reader-text\">Schwarzw\u00e4lder Kirschtorte<\/span> weiterlesen<\/a><\/p>\n","protected":false},"author":1,"featured_media":0,"parent":39,"menu_order":0,"comment_status":"closed","ping_status":"closed","template":"","meta":{"footnotes":""},"class_list":["post-666","page","type-page","status-publish","hentry"],"_links":{"self":[{"href":"https:\/\/backblog.zieher.cc\/index.php\/wp-json\/wp\/v2\/pages\/666","targetHints":{"allow":["GET"]}}],"collection":[{"href":"https:\/\/backblog.zieher.cc\/index.php\/wp-json\/wp\/v2\/pages"}],"about":[{"href":"https:\/\/backblog.zieher.cc\/index.php\/wp-json\/wp\/v2\/types\/page"}],"author":[{"embeddable":true,"href":"https:\/\/backblog.zieher.cc\/index.php\/wp-json\/wp\/v2\/users\/1"}],"replies":[{"embeddable":true,"href":"https:\/\/backblog.zieher.cc\/index.php\/wp-json\/wp\/v2\/comments?post=666"}],"version-history":[{"count":2,"href":"https:\/\/backblog.zieher.cc\/index.php\/wp-json\/wp\/v2\/pages\/666\/revisions"}],"predecessor-version":[{"id":669,"href":"https:\/\/backblog.zieher.cc\/index.php\/wp-json\/wp\/v2\/pages\/666\/revisions\/669"}],"up":[{"embeddable":true,"href":"https:\/\/backblog.zieher.cc\/index.php\/wp-json\/wp\/v2\/pages\/39"}],"wp:attachment":[{"href":"https:\/\/backblog.zieher.cc\/index.php\/wp-json\/wp\/v2\/media?parent=666"}],"curies":[{"name":"wp","href":"https:\/\/api.w.org\/{rel}","templated":true}]}}