{"id":696,"date":"2016-03-06T14:15:01","date_gmt":"2016-03-06T13:15:01","guid":{"rendered":"http:\/\/backblog.zieher.cc\/?page_id=696"},"modified":"2016-03-06T14:15:01","modified_gmt":"2016-03-06T13:15:01","slug":"kakao-buttermilch-muffins","status":"publish","type":"page","link":"https:\/\/backblog.zieher.cc\/index.php\/rezepte\/kakao-buttermilch-muffins\/","title":{"rendered":"Kakao-Buttermilch-Muffins"},"content":{"rendered":"<table>\n<tbody>\n<tr>\n<td width=\"50%\">Zutaten (f\u00fcr 12 Muffins):<\/p>\n<div style=\"font-size: small;\">1 Ei<\/div>\n<div style=\"font-size: small;\">120 g weiche Butter<\/div>\n<div style=\"font-size: small;\">140 g Zucker<\/div>\n<div style=\"font-size: small;\">200 ml Buttermilch<\/div>\n<div style=\"font-size: small;\">240 g Mehl<\/div>\n<div style=\"font-size: small;\">2 TL Backpulver<\/div>\n<div style=\"font-size: small;\">1\/2 TL Natron<\/div>\n<div style=\"font-size: small;\">6 TL\u00a0 Kakaopulver<\/div>\n<div style=\"font-size: small;\"><\/div>\n<div style=\"font-size: small;\">\u00a0<a href=\"http:\/\/backblog.zieher.cc\/wp-content\/uploads\/2016\/03\/IMG_8592_mark.jpg\" rel=\"attachment wp-att-701\"><img loading=\"lazy\" decoding=\"async\" class=\"alignnone size-medium wp-image-701\" src=\"http:\/\/backblog.zieher.cc\/wp-content\/uploads\/2016\/03\/IMG_8592_mark-300x200.jpg\" alt=\"kaokaomuffins\" width=\"300\" height=\"200\" srcset=\"https:\/\/backblog.zieher.cc\/wp-content\/uploads\/2016\/03\/IMG_8592_mark-300x200.jpg 300w, https:\/\/backblog.zieher.cc\/wp-content\/uploads\/2016\/03\/IMG_8592_mark-768x512.jpg 768w, https:\/\/backblog.zieher.cc\/wp-content\/uploads\/2016\/03\/IMG_8592_mark-1024x683.jpg 1024w, https:\/\/backblog.zieher.cc\/wp-content\/uploads\/2016\/03\/IMG_8592_mark.jpg 1200w\" sizes=\"auto, (max-width: 300px) 100vw, 300px\" \/><\/a><\/div>\n<div style=\"font-size: small;\"><\/div>\n<p>&nbsp;<\/td>\n<td>Zubereitung:<\/p>\n<div style=\"font-size: small;\">Die Zutaten bereit stellen. Beim Abwiegen sofort Mehl, Backpulver, Natron und Kakaopulver in derselben Sch\u00fcssel mischen. Eine Muffinform mit Papierf\u00f6rmchen auslegen. Ei, weiche Butter und Zucker schaumig schlagen. Die Buttermilch unterr\u00fchren. Die Mehlmischung einsieben und z\u00fcgig unterheben.<\/div>\n<div style=\"font-size: small;\">Den Ofen auf Ober-\/Unterhitze 180\u00b0C vorheizen und den Teig in die Muffinformen geben. Die Muffins 15-20 Minuten backen und in der Form ausk\u00fchlen lassen.<\/div>\n<div style=\"font-size: small;\"><\/div>\n<div style=\"font-size: small;\"><\/div>\n<div style=\"font-size: small;\"><\/div>\n<\/td>\n<\/tr>\n<\/tbody>\n<\/table>\n<div class=\"printfriendly pf-button  pf-alignleft\">\n                    <a href=\"https:\/\/backblog.zieher.cc\/index.php\/rezepte\/kakao-buttermilch-muffins\/?pfstyle=wp\" rel=\"nofollow\" onclick=\"\" title=\"Printer Friendly, PDF & Email\">\n                    <img decoding=\"async\" class=\"pf-button-img\" src=\"https:\/\/cdn.printfriendly.com\/buttons\/printfriendly-pdf-button-nobg.png\" alt=\"Print Friendly, PDF & Email\" style=\"width: 112px;height: 24px;\"  \/>\n                    <\/a>\n                <\/div>\n","protected":false},"excerpt":{"rendered":"<p>Zutaten (f\u00fcr 12 Muffins): 1 Ei 120 g weiche Butter 140 g Zucker 200 ml Buttermilch 240 g Mehl 2 TL Backpulver 1\/2 TL Natron 6 TL\u00a0 Kakaopulver \u00a0 &nbsp; Zubereitung: Die Zutaten bereit stellen. Beim Abwiegen sofort Mehl, Backpulver, Natron und Kakaopulver in derselben Sch\u00fcssel mischen. Eine Muffinform mit Papierf\u00f6rmchen auslegen. Ei, weiche Butter &hellip; <a href=\"https:\/\/backblog.zieher.cc\/index.php\/rezepte\/kakao-buttermilch-muffins\/\" class=\"more-link\"><span class=\"screen-reader-text\">Kakao-Buttermilch-Muffins<\/span> weiterlesen<\/a><\/p>\n","protected":false},"author":1,"featured_media":0,"parent":39,"menu_order":0,"comment_status":"closed","ping_status":"closed","template":"","meta":{"footnotes":""},"class_list":["post-696","page","type-page","status-publish","hentry"],"_links":{"self":[{"href":"https:\/\/backblog.zieher.cc\/index.php\/wp-json\/wp\/v2\/pages\/696","targetHints":{"allow":["GET"]}}],"collection":[{"href":"https:\/\/backblog.zieher.cc\/index.php\/wp-json\/wp\/v2\/pages"}],"about":[{"href":"https:\/\/backblog.zieher.cc\/index.php\/wp-json\/wp\/v2\/types\/page"}],"author":[{"embeddable":true,"href":"https:\/\/backblog.zieher.cc\/index.php\/wp-json\/wp\/v2\/users\/1"}],"replies":[{"embeddable":true,"href":"https:\/\/backblog.zieher.cc\/index.php\/wp-json\/wp\/v2\/comments?post=696"}],"version-history":[{"count":2,"href":"https:\/\/backblog.zieher.cc\/index.php\/wp-json\/wp\/v2\/pages\/696\/revisions"}],"predecessor-version":[{"id":704,"href":"https:\/\/backblog.zieher.cc\/index.php\/wp-json\/wp\/v2\/pages\/696\/revisions\/704"}],"up":[{"embeddable":true,"href":"https:\/\/backblog.zieher.cc\/index.php\/wp-json\/wp\/v2\/pages\/39"}],"wp:attachment":[{"href":"https:\/\/backblog.zieher.cc\/index.php\/wp-json\/wp\/v2\/media?parent=696"}],"curies":[{"name":"wp","href":"https:\/\/api.w.org\/{rel}","templated":true}]}}