{"id":736,"date":"2016-04-16T11:56:44","date_gmt":"2016-04-16T10:56:44","guid":{"rendered":"http:\/\/backblog.zieher.cc\/?page_id=736"},"modified":"2016-04-24T14:50:43","modified_gmt":"2016-04-24T13:50:43","slug":"frischkaese-cappuccino-muffins","status":"publish","type":"page","link":"https:\/\/backblog.zieher.cc\/index.php\/rezepte\/frischkaese-cappuccino-muffins\/","title":{"rendered":"Frischk\u00e4se-Cappuccino-Muffins"},"content":{"rendered":"<table>\n<tbody>\n<tr>\n<td width=\"50%\">Zutaten (f\u00fcr 12 Muffins):<\/p>\n<div style=\"font-size: small;\">250 g Mehl<\/div>\n<div style=\"font-size: small;\">1\/2 TL Backpulver<\/div>\n<div style=\"font-size: small;\">1\/2 TL Natron<\/div>\n<div style=\"font-size: small;\">1 Ei<\/div>\n<div style=\"font-size: small;\">1 Pkg Vanillezucker<\/div>\n<div style=\"font-size: small;\">125 g Rohrzucker<\/div>\n<div style=\"font-size: small;\">100 g Frischk\u00e4se<\/div>\n<div style=\"font-size: small;\">60 ml \u00d6l<\/div>\n<div style=\"font-size: small;\">3 EL Kakaopulver<\/div>\n<div style=\"font-size: small;\">1 Pkg. Cappucino-Pulver<\/div>\n<div style=\"font-size: small;\">250 g Buttermilch<\/div>\n<div style=\"font-size: small;\"><\/div>\n<div style=\"font-size: small;\"><strong><em>f\u00fcr die Deko:<\/em><\/strong><\/div>\n<div style=\"font-size: small;\">Wei\u00dfe Schokoglasur<\/div>\n<div style=\"font-size: small;\">Zuckerstreusel nach Belieben<\/div>\n<p><a href=\"http:\/\/backblog.zieher.cc\/wp-content\/uploads\/2016\/04\/IMG_8721_mark.jpg\" rel=\"attachment wp-att-732\"><img loading=\"lazy\" decoding=\"async\" class=\"alignnone size-medium wp-image-732\" src=\"http:\/\/backblog.zieher.cc\/wp-content\/uploads\/2016\/04\/IMG_8721_mark-300x200.jpg\" alt=\"IMG_8721_mark\" width=\"300\" height=\"200\" srcset=\"https:\/\/backblog.zieher.cc\/wp-content\/uploads\/2016\/04\/IMG_8721_mark-300x200.jpg 300w, https:\/\/backblog.zieher.cc\/wp-content\/uploads\/2016\/04\/IMG_8721_mark-768x512.jpg 768w, https:\/\/backblog.zieher.cc\/wp-content\/uploads\/2016\/04\/IMG_8721_mark-1024x683.jpg 1024w, https:\/\/backblog.zieher.cc\/wp-content\/uploads\/2016\/04\/IMG_8721_mark.jpg 1200w\" sizes=\"auto, (max-width: 300px) 100vw, 300px\" \/><\/a><\/td>\n<td>Zubereitung:<\/p>\n<div style=\"font-size: small;\">Die Zutaten bereit stellen. Eine Muffinform mit Papierf\u00f6rmchen auslegen.<\/div>\n<div style=\"font-size: small;\">In einer Sch\u00fcssel Mehl, Natron, Backpulver, Kakao- und Cappucinopulver mischen. In einer weiteren Sch\u00fcssel das Ei verquirlen. Zucker und\u00a0 Vanillezucker dazugeben. Dann \u00d6l, Buttermilch und Frischk\u00e4se vorsichtig unterr\u00fchren. Die Mehlmischung dazusieben und z\u00fcgig unterr\u00fchren.<\/div>\n<div style=\"font-size: small;\">Den Ofen auf Ober-\/Unterhitze 180\u00b0C vorheizen und den Teig in die Muffinformen geben. Die Muffins ca. 18 Minuten backen und ausk\u00fchlen lassen. W\u00e4hrenddessen die Schoko-Glaur in einem kleinen Topf schmelzen. Die Masse mit einem Pinsel auf den Muffins verteilen und sofort Zuckerstreusel draufgeben.<\/div>\n<div style=\"font-size: small;\"><\/div>\n<div style=\"font-size: small;\"><\/div>\n<div style=\"font-size: small;\"><\/div>\n<\/td>\n<\/tr>\n<\/tbody>\n<\/table>\n","protected":false},"excerpt":{"rendered":"<p>Zutaten (f\u00fcr 12 Muffins): 250 g Mehl 1\/2 TL Backpulver 1\/2 TL Natron 1 Ei 1 Pkg Vanillezucker 125 g Rohrzucker 100 g Frischk\u00e4se 60 ml \u00d6l 3 EL Kakaopulver 1 Pkg. Cappucino-Pulver 250 g Buttermilch f\u00fcr die Deko: Wei\u00dfe Schokoglasur Zuckerstreusel nach Belieben Zubereitung: Die Zutaten bereit stellen. Eine Muffinform mit Papierf\u00f6rmchen auslegen. In &hellip; <a href=\"https:\/\/backblog.zieher.cc\/index.php\/rezepte\/frischkaese-cappuccino-muffins\/\" class=\"more-link\"><span class=\"screen-reader-text\">Frischk\u00e4se-Cappuccino-Muffins<\/span> weiterlesen<\/a><\/p>\n","protected":false},"author":1,"featured_media":0,"parent":39,"menu_order":0,"comment_status":"closed","ping_status":"closed","template":"","meta":{"footnotes":""},"class_list":["post-736","page","type-page","status-publish","hentry"],"_links":{"self":[{"href":"https:\/\/backblog.zieher.cc\/index.php\/wp-json\/wp\/v2\/pages\/736","targetHints":{"allow":["GET"]}}],"collection":[{"href":"https:\/\/backblog.zieher.cc\/index.php\/wp-json\/wp\/v2\/pages"}],"about":[{"href":"https:\/\/backblog.zieher.cc\/index.php\/wp-json\/wp\/v2\/types\/page"}],"author":[{"embeddable":true,"href":"https:\/\/backblog.zieher.cc\/index.php\/wp-json\/wp\/v2\/users\/1"}],"replies":[{"embeddable":true,"href":"https:\/\/backblog.zieher.cc\/index.php\/wp-json\/wp\/v2\/comments?post=736"}],"version-history":[{"count":3,"href":"https:\/\/backblog.zieher.cc\/index.php\/wp-json\/wp\/v2\/pages\/736\/revisions"}],"predecessor-version":[{"id":750,"href":"https:\/\/backblog.zieher.cc\/index.php\/wp-json\/wp\/v2\/pages\/736\/revisions\/750"}],"up":[{"embeddable":true,"href":"https:\/\/backblog.zieher.cc\/index.php\/wp-json\/wp\/v2\/pages\/39"}],"wp:attachment":[{"href":"https:\/\/backblog.zieher.cc\/index.php\/wp-json\/wp\/v2\/media?parent=736"}],"curies":[{"name":"wp","href":"https:\/\/api.w.org\/{rel}","templated":true}]}}