{"id":811,"date":"2016-06-14T11:27:38","date_gmt":"2016-06-14T10:27:38","guid":{"rendered":"http:\/\/backblog.zieher.cc\/?page_id=811"},"modified":"2016-06-14T11:27:38","modified_gmt":"2016-06-14T10:27:38","slug":"zitronen-muffins","status":"publish","type":"page","link":"https:\/\/backblog.zieher.cc\/index.php\/rezepte\/zitronen-muffins\/","title":{"rendered":"Zitronen-Muffins"},"content":{"rendered":"<table>\n<tbody>\n<tr>\n<td width=\"50%\">Zutaten (f\u00fcr 12 Muffins und 12 Mini-Muffins):<\/p>\n<div style=\"font-size: small;\">130 g weiche Butter<\/div>\n<div style=\"font-size: small;\">200 g Zucker<\/div>\n<div style=\"font-size: small;\">1 Pkg Vanillin<\/div>\n<div style=\"font-size: small;\">3 Eier<\/div>\n<div style=\"font-size: small;\">2 Zitronen, unbehandelt<\/div>\n<div style=\"font-size: small;\">320 g Mehl<\/div>\n<div style=\"font-size: small;\">2 TL Backpulver<\/div>\n<div style=\"font-size: small;\">1 TL Natron<\/div>\n<div style=\"font-size: small;\">150 g Buttermilch<\/div>\n<div style=\"font-size: small;\"><\/div>\n<div style=\"font-size: small;\">Papierf\u00f6rmchen f\u00fcr die Muffinform<\/div>\n<div style=\"font-size: small;\"><\/div>\n<div style=\"font-size: small;\"><em>f\u00fcr den Guss:<\/em><\/div>\n<div style=\"font-size: small;\">Staubzucker<\/div>\n<div style=\"font-size: small;\">etwas Zitronensaft<\/div>\n<div style=\"font-size: small;\">Zucker-Deko<\/div>\n<div style=\"font-size: small;\"><\/div>\n<div style=\"font-size: small;\"><a href=\"http:\/\/backblog.zieher.cc\/wp-content\/uploads\/2016\/06\/IMG_8926_mark.jpg\"><img loading=\"lazy\" decoding=\"async\" class=\"alignnone size-medium wp-image-813\" src=\"http:\/\/backblog.zieher.cc\/wp-content\/uploads\/2016\/06\/IMG_8926_mark-300x200.jpg\" alt=\"Zitronenmuffins\" width=\"300\" height=\"200\" srcset=\"https:\/\/backblog.zieher.cc\/wp-content\/uploads\/2016\/06\/IMG_8926_mark-300x200.jpg 300w, https:\/\/backblog.zieher.cc\/wp-content\/uploads\/2016\/06\/IMG_8926_mark-768x512.jpg 768w, https:\/\/backblog.zieher.cc\/wp-content\/uploads\/2016\/06\/IMG_8926_mark-1024x683.jpg 1024w, https:\/\/backblog.zieher.cc\/wp-content\/uploads\/2016\/06\/IMG_8926_mark.jpg 1200w\" sizes=\"auto, (max-width: 300px) 100vw, 300px\" \/><\/a><\/div>\n<\/td>\n<td>Zubereitung:<\/p>\n<div style=\"font-size: small;\">Die Muffinform mit Papierf\u00f6rmchen auslegen. Alle Zutaten herrichten. Die zwei Zitronen warm waschen, trocken tupfen und die Schale abreiben. Dann die Zitronen halbieren und auspressen.<\/div>\n<div style=\"font-size: small;\">In einer Sch\u00fcssel das Mehl mit dem Backpulver und dem Natron verr\u00fchren. In einer weiteren Sch\u00fcssel die Butter mit Zucker und Vanillezucker gut schaumig r\u00fchren und die Eier einzeln dazumixen. Den Zitronen-Abrieb, die Buttermilch und den Zitronensaft unterheben. Ein bisschen Zitronensaft f\u00fcr die Dekoration \u00fcbriglassen!<\/div>\n<div style=\"font-size: small;\">Die Mehlmischung dazugeben und mit einem Schneebesen nur solange verr\u00fchren, bis alle Zutaten feucht sind.\u00a0 Den Ofen auf 180\u00b0C Ober-\/Unterhitze vorheizen. Den Teig mit einem L\u00f6ffel gleichm\u00e4\u00dfig in die Vertiefungen geben. Die Muffins in den vorgeheizten Ofen geben und ca. 25 Minuten backen. In der Form abk\u00fchlen lassen.<\/div>\n<div style=\"font-size: small;\">F\u00fcr den Guss etwas Zitronensaft mit Staubzucker verr\u00fchren. Den Guss auf die Muffins streichen und eventuell noch mit Dekoration verzieren.<\/div>\n<div style=\"font-size: small;\"><\/div>\n<div style=\"font-size: small;\"><\/div>\n<\/td>\n<\/tr>\n<\/tbody>\n<\/table>\n<div class=\"printfriendly pf-button  pf-alignleft\">\n                    <a href=\"https:\/\/backblog.zieher.cc\/index.php\/rezepte\/zitronen-muffins\/?pfstyle=wp\" rel=\"nofollow\" onclick=\"\" title=\"Printer Friendly, PDF & Email\">\n                    <img decoding=\"async\" class=\"pf-button-img\" src=\"https:\/\/cdn.printfriendly.com\/buttons\/printfriendly-pdf-button-nobg.png\" alt=\"Print Friendly, PDF & Email\" style=\"width: 112px;height: 24px;\"  \/>\n                    <\/a>\n                <\/div>\n","protected":false},"excerpt":{"rendered":"<p>Zutaten (f\u00fcr 12 Muffins und 12 Mini-Muffins): 130 g weiche Butter 200 g Zucker 1 Pkg Vanillin 3 Eier 2 Zitronen, unbehandelt 320 g Mehl 2 TL Backpulver 1 TL Natron 150 g Buttermilch Papierf\u00f6rmchen f\u00fcr die Muffinform f\u00fcr den Guss: Staubzucker etwas Zitronensaft Zucker-Deko Zubereitung: Die Muffinform mit Papierf\u00f6rmchen auslegen. Alle Zutaten herrichten. Die &hellip; <a href=\"https:\/\/backblog.zieher.cc\/index.php\/rezepte\/zitronen-muffins\/\" class=\"more-link\"><span class=\"screen-reader-text\">Zitronen-Muffins<\/span> weiterlesen<\/a><\/p>\n","protected":false},"author":1,"featured_media":0,"parent":39,"menu_order":0,"comment_status":"closed","ping_status":"closed","template":"","meta":{"footnotes":""},"class_list":["post-811","page","type-page","status-publish","hentry"],"_links":{"self":[{"href":"https:\/\/backblog.zieher.cc\/index.php\/wp-json\/wp\/v2\/pages\/811","targetHints":{"allow":["GET"]}}],"collection":[{"href":"https:\/\/backblog.zieher.cc\/index.php\/wp-json\/wp\/v2\/pages"}],"about":[{"href":"https:\/\/backblog.zieher.cc\/index.php\/wp-json\/wp\/v2\/types\/page"}],"author":[{"embeddable":true,"href":"https:\/\/backblog.zieher.cc\/index.php\/wp-json\/wp\/v2\/users\/1"}],"replies":[{"embeddable":true,"href":"https:\/\/backblog.zieher.cc\/index.php\/wp-json\/wp\/v2\/comments?post=811"}],"version-history":[{"count":3,"href":"https:\/\/backblog.zieher.cc\/index.php\/wp-json\/wp\/v2\/pages\/811\/revisions"}],"predecessor-version":[{"id":817,"href":"https:\/\/backblog.zieher.cc\/index.php\/wp-json\/wp\/v2\/pages\/811\/revisions\/817"}],"up":[{"embeddable":true,"href":"https:\/\/backblog.zieher.cc\/index.php\/wp-json\/wp\/v2\/pages\/39"}],"wp:attachment":[{"href":"https:\/\/backblog.zieher.cc\/index.php\/wp-json\/wp\/v2\/media?parent=811"}],"curies":[{"name":"wp","href":"https:\/\/api.w.org\/{rel}","templated":true}]}}