{"id":822,"date":"2016-07-17T17:40:56","date_gmt":"2016-07-17T16:40:56","guid":{"rendered":"http:\/\/backblog.zieher.cc\/?page_id=822"},"modified":"2016-07-31T16:00:06","modified_gmt":"2016-07-31T15:00:06","slug":"kirsch-muffins","status":"publish","type":"page","link":"https:\/\/backblog.zieher.cc\/index.php\/rezepte\/kirsch-muffins\/","title":{"rendered":"Kirsch-Muffins"},"content":{"rendered":"<table>\n<tbody>\n<tr>\n<td width=\"50%\">Zutaten (f\u00fcr 18 Muffins):<\/p>\n<div style=\"font-size: small;\">\n<div style=\"font-size: small;\">250 g S\u00fc\u00dfkirschen<\/div>\n<div style=\"font-size: small;\">70 g Schokost\u00fcckchen<\/div>\n<div style=\"font-size: small;\">1 Pkg Vanillezucker<\/div>\n<div style=\"font-size: small;\">175 g Zucker<\/div>\n<div style=\"font-size: small;\">115 g weiche Butter<\/div>\n<div style=\"font-size: small;\">2 Eier<\/div>\n<div style=\"font-size: small;\">200 ml Naturjoghurt<\/div>\n<div style=\"font-size: small;\">250 g Mehl<\/div>\n<div style=\"font-size: small;\">1 TL Backpulver<\/div>\n<div style=\"font-size: small;\">1\/2 TL Natron<\/div>\n<\/div>\n<div style=\"font-size: small;\"><\/div>\n<div style=\"font-size: small;\">Papierf\u00f6rmchen f\u00fcr die Muffinform<\/div>\n<div style=\"font-size: small;\"><\/div>\n<div style=\"font-size: small;\">\u00a0<a href=\"http:\/\/backblog.zieher.cc\/wp-content\/uploads\/2016\/07\/IMG_9269_mark.jpg\"><img loading=\"lazy\" decoding=\"async\" class=\"alignnone size-medium wp-image-824\" src=\"http:\/\/backblog.zieher.cc\/wp-content\/uploads\/2016\/07\/IMG_9269_mark-300x200.jpg\" alt=\"Kirschmuffins\" width=\"300\" height=\"200\" srcset=\"https:\/\/backblog.zieher.cc\/wp-content\/uploads\/2016\/07\/IMG_9269_mark-300x200.jpg 300w, https:\/\/backblog.zieher.cc\/wp-content\/uploads\/2016\/07\/IMG_9269_mark-768x512.jpg 768w, https:\/\/backblog.zieher.cc\/wp-content\/uploads\/2016\/07\/IMG_9269_mark-1024x683.jpg 1024w, https:\/\/backblog.zieher.cc\/wp-content\/uploads\/2016\/07\/IMG_9269_mark.jpg 1200w\" sizes=\"auto, (max-width: 300px) 100vw, 300px\" \/><\/a><\/div>\n<\/td>\n<td>Zubereitung:<\/p>\n<div style=\"font-size: small;\">Die Muffinform mit Papierf\u00f6rmchen auslegen. Die Kirschen waschen, entstielen und entsteinen.<\/div>\n<div style=\"font-size: small;\">In einer Sch\u00fcssel das Mehl mit dem Backpulver und dem Natron verr\u00fchren. In einer weiteren Sch\u00fcssel die weiche Butter mit dem Zucker und dem Vanillezucker gut schaumig r\u00fchren und die Eier einzeln dazumixen.<\/div>\n<div style=\"font-size: small;\">Die Mehlmischung dazugeben und mit einem Schneebesen nur solange verr\u00fchren, bis alle Zutaten feucht sind. Die Schoko-St\u00fcckchen dazur\u00fchren und zum Schluss die Kirschen vorsichtig unterheben. Bevor man den Teig gleichm\u00e4\u00dfig in die Vertiefungen gibt, den Ofen auf 180\u00b0C Ober-\/Unterhitze vorheizen. Die Muffins in den vorgeheizten Ofen geben und ca. 15-20 Minuten backen. In der Form abk\u00fchlen lassen.<\/div>\n<div style=\"font-size: small;\"><\/div>\n<div style=\"font-size: small;\"><\/div>\n<\/td>\n<\/tr>\n<\/tbody>\n<\/table>\n<div class=\"printfriendly pf-button  pf-alignleft\">\n                    <a href=\"https:\/\/backblog.zieher.cc\/index.php\/rezepte\/kirsch-muffins\/?pfstyle=wp\" rel=\"nofollow\" onclick=\"\" title=\"Printer Friendly, PDF & Email\">\n                    <img decoding=\"async\" class=\"pf-button-img\" src=\"https:\/\/cdn.printfriendly.com\/buttons\/printfriendly-pdf-button-nobg.png\" alt=\"Print Friendly, PDF & Email\" style=\"width: 112px;height: 24px;\"  \/>\n                    <\/a>\n                <\/div>\n","protected":false},"excerpt":{"rendered":"<p>Zutaten (f\u00fcr 18 Muffins): 250 g S\u00fc\u00dfkirschen 70 g Schokost\u00fcckchen 1 Pkg Vanillezucker 175 g Zucker 115 g weiche Butter 2 Eier 200 ml Naturjoghurt 250 g Mehl 1 TL Backpulver 1\/2 TL Natron Papierf\u00f6rmchen f\u00fcr die Muffinform \u00a0 Zubereitung: Die Muffinform mit Papierf\u00f6rmchen auslegen. Die Kirschen waschen, entstielen und entsteinen. In einer Sch\u00fcssel das &hellip; <a href=\"https:\/\/backblog.zieher.cc\/index.php\/rezepte\/kirsch-muffins\/\" class=\"more-link\"><span class=\"screen-reader-text\">Kirsch-Muffins<\/span> weiterlesen<\/a><\/p>\n","protected":false},"author":1,"featured_media":0,"parent":39,"menu_order":0,"comment_status":"closed","ping_status":"closed","template":"","meta":{"footnotes":""},"class_list":["post-822","page","type-page","status-publish","hentry"],"_links":{"self":[{"href":"https:\/\/backblog.zieher.cc\/index.php\/wp-json\/wp\/v2\/pages\/822","targetHints":{"allow":["GET"]}}],"collection":[{"href":"https:\/\/backblog.zieher.cc\/index.php\/wp-json\/wp\/v2\/pages"}],"about":[{"href":"https:\/\/backblog.zieher.cc\/index.php\/wp-json\/wp\/v2\/types\/page"}],"author":[{"embeddable":true,"href":"https:\/\/backblog.zieher.cc\/index.php\/wp-json\/wp\/v2\/users\/1"}],"replies":[{"embeddable":true,"href":"https:\/\/backblog.zieher.cc\/index.php\/wp-json\/wp\/v2\/comments?post=822"}],"version-history":[{"count":4,"href":"https:\/\/backblog.zieher.cc\/index.php\/wp-json\/wp\/v2\/pages\/822\/revisions"}],"predecessor-version":[{"id":838,"href":"https:\/\/backblog.zieher.cc\/index.php\/wp-json\/wp\/v2\/pages\/822\/revisions\/838"}],"up":[{"embeddable":true,"href":"https:\/\/backblog.zieher.cc\/index.php\/wp-json\/wp\/v2\/pages\/39"}],"wp:attachment":[{"href":"https:\/\/backblog.zieher.cc\/index.php\/wp-json\/wp\/v2\/media?parent=822"}],"curies":[{"name":"wp","href":"https:\/\/api.w.org\/{rel}","templated":true}]}}