{"id":853,"date":"2016-09-11T09:37:50","date_gmt":"2016-09-11T08:37:50","guid":{"rendered":"http:\/\/backblog.zieher.cc\/?page_id=853"},"modified":"2016-09-11T09:38:40","modified_gmt":"2016-09-11T08:38:40","slug":"schoko-chunks-muffins","status":"publish","type":"page","link":"https:\/\/backblog.zieher.cc\/index.php\/rezepte\/schoko-chunks-muffins\/","title":{"rendered":"Schoko-Chunks-Muffins"},"content":{"rendered":"<table>\n<tbody>\n<tr>\n<td width=\"50%\">Zutaten (f\u00fcr 12 Muffins):<\/p>\n<div style=\"font-size: small;\">150 g Schoko-Chunks<\/div>\n<div style=\"font-size: small;\">3 Tl Kakao<\/div>\n<div style=\"font-size: small;\">\n<div style=\"font-size: small;\">200 g Mehl<\/div>\n<div style=\"font-size: small;\">2 TL Backpulver<\/div>\n<div style=\"font-size: small;\">1\/2 TL Natron<\/div>\n<div style=\"font-size: small;\">130 g Rohrzucker<\/div>\n<div style=\"font-size: small;\">1 Pkg Vanillezucker<\/div>\n<div style=\"font-size: small;\">100 g weiche Butter<\/div>\n<div style=\"font-size: small;\">2 Eier<\/div>\n<div style=\"font-size: small;\">200 ml Buttermilch<\/div>\n<\/div>\n<div style=\"font-size: small;\"><\/div>\n<div style=\"font-size: small;\">Papierf\u00f6rmchen f\u00fcr die Muffinform<\/div>\n<div style=\"font-size: small;\"><\/div>\n<div style=\"font-size: small;\">\u00a0<a href=\"http:\/\/backblog.zieher.cc\/wp-content\/uploads\/2016\/09\/IMG_9936_mark.jpg\"><img loading=\"lazy\" decoding=\"async\" class=\"alignnone size-medium wp-image-848\" src=\"http:\/\/backblog.zieher.cc\/wp-content\/uploads\/2016\/09\/IMG_9936_mark-300x200.jpg\" alt=\"Schoko-Chunks-Muffins\" width=\"300\" height=\"200\" srcset=\"https:\/\/backblog.zieher.cc\/wp-content\/uploads\/2016\/09\/IMG_9936_mark-300x200.jpg 300w, https:\/\/backblog.zieher.cc\/wp-content\/uploads\/2016\/09\/IMG_9936_mark-768x512.jpg 768w, https:\/\/backblog.zieher.cc\/wp-content\/uploads\/2016\/09\/IMG_9936_mark-1024x683.jpg 1024w, https:\/\/backblog.zieher.cc\/wp-content\/uploads\/2016\/09\/IMG_9936_mark.jpg 1200w\" sizes=\"auto, (max-width: 300px) 100vw, 300px\" \/><\/a><\/div>\n<\/td>\n<td>Zubereitung:<\/p>\n<div style=\"font-size: small;\">Die Muffinform mit Papierf\u00f6rmchen auslegen. Die Zutaten abwiegen.<\/div>\n<div style=\"font-size: small;\">In einer Sch\u00fcssel das Mehl mit dem Backpulver verr\u00fchren. In einer weiteren Sch\u00fcssel die Butter mit Zucker und Vanillezucker gut schaumig r\u00fchren und die Eier einzeln dazumixen. Die Buttermilch einr\u00fchren.<\/div>\n<div style=\"font-size: small;\">Die Mehlmischung dazugeben und mit einem Schneebesen nur solange verr\u00fchren, bis alle Zutaten feucht sind. Zum Schluss die Schoko-Chunks (wei\u00dfe und Vollmilch-St\u00fcckchen) unterheben. Den Ofen auf 180\u00b0C Ober-\/Unterhitze vorheizen. Den Teig mit einem L\u00f6ffel gleichm\u00e4\u00dfig in die Vertiefungen geben. Die Muffins in den vorgeheizten Ofen geben und ca. 20 Minuten backen. In der Form abk\u00fchlen lassen.<\/div>\n<div style=\"font-size: small;\"><\/div>\n<div style=\"font-size: small;\"><\/div>\n<\/td>\n<\/tr>\n<\/tbody>\n<\/table>\n<div class=\"printfriendly pf-button  pf-alignleft\">\n                    <a href=\"https:\/\/backblog.zieher.cc\/index.php\/rezepte\/schoko-chunks-muffins\/?pfstyle=wp\" rel=\"nofollow\" onclick=\"\" title=\"Printer Friendly, PDF & Email\">\n                    <img decoding=\"async\" class=\"pf-button-img\" src=\"https:\/\/cdn.printfriendly.com\/buttons\/printfriendly-pdf-button-nobg.png\" alt=\"Print Friendly, PDF & Email\" style=\"width: 112px;height: 24px;\"  \/>\n                    <\/a>\n                <\/div>\n","protected":false},"excerpt":{"rendered":"<p>Zutaten (f\u00fcr 12 Muffins): 150 g Schoko-Chunks 3 Tl Kakao 200 g Mehl 2 TL Backpulver 1\/2 TL Natron 130 g Rohrzucker 1 Pkg Vanillezucker 100 g weiche Butter 2 Eier 200 ml Buttermilch Papierf\u00f6rmchen f\u00fcr die Muffinform \u00a0 Zubereitung: Die Muffinform mit Papierf\u00f6rmchen auslegen. Die Zutaten abwiegen. In einer Sch\u00fcssel das Mehl mit dem &hellip; <a href=\"https:\/\/backblog.zieher.cc\/index.php\/rezepte\/schoko-chunks-muffins\/\" class=\"more-link\"><span class=\"screen-reader-text\">Schoko-Chunks-Muffins<\/span> weiterlesen<\/a><\/p>\n","protected":false},"author":1,"featured_media":0,"parent":39,"menu_order":0,"comment_status":"closed","ping_status":"closed","template":"","meta":{"footnotes":""},"class_list":["post-853","page","type-page","status-publish","hentry"],"_links":{"self":[{"href":"https:\/\/backblog.zieher.cc\/index.php\/wp-json\/wp\/v2\/pages\/853","targetHints":{"allow":["GET"]}}],"collection":[{"href":"https:\/\/backblog.zieher.cc\/index.php\/wp-json\/wp\/v2\/pages"}],"about":[{"href":"https:\/\/backblog.zieher.cc\/index.php\/wp-json\/wp\/v2\/types\/page"}],"author":[{"embeddable":true,"href":"https:\/\/backblog.zieher.cc\/index.php\/wp-json\/wp\/v2\/users\/1"}],"replies":[{"embeddable":true,"href":"https:\/\/backblog.zieher.cc\/index.php\/wp-json\/wp\/v2\/comments?post=853"}],"version-history":[{"count":3,"href":"https:\/\/backblog.zieher.cc\/index.php\/wp-json\/wp\/v2\/pages\/853\/revisions"}],"predecessor-version":[{"id":856,"href":"https:\/\/backblog.zieher.cc\/index.php\/wp-json\/wp\/v2\/pages\/853\/revisions\/856"}],"up":[{"embeddable":true,"href":"https:\/\/backblog.zieher.cc\/index.php\/wp-json\/wp\/v2\/pages\/39"}],"wp:attachment":[{"href":"https:\/\/backblog.zieher.cc\/index.php\/wp-json\/wp\/v2\/media?parent=853"}],"curies":[{"name":"wp","href":"https:\/\/api.w.org\/{rel}","templated":true}]}}