{"id":866,"date":"2016-12-29T20:22:38","date_gmt":"2016-12-29T19:22:38","guid":{"rendered":"http:\/\/backblog.zieher.cc\/?page_id=866"},"modified":"2017-09-02T15:01:53","modified_gmt":"2017-09-02T14:01:53","slug":"mini-lebkuchen-muffins","status":"publish","type":"page","link":"https:\/\/backblog.zieher.cc\/index.php\/rezepte\/mini-lebkuchen-muffins\/","title":{"rendered":"Mini-Lebkuchen-Muffins"},"content":{"rendered":"<table>\n<tbody>\n<tr>\n<td width=\"50%\">Zutaten (f\u00fcr 24 Minimuffins und 6 normale Muffins):<\/p>\n<div style=\"font-size: small;\">150 g Honig<\/div>\n<div style=\"font-size: small;\">125 g Butter<\/div>\n<div style=\"font-size: small;\">2 Eier<\/div>\n<div style=\"font-size: small;\">250 g Mehl<\/div>\n<div style=\"font-size: small;\">2 TL Backpulver<\/div>\n<div style=\"font-size: small;\">1\/2 TL Natron<\/div>\n<div style=\"font-size: small;\">1 EL Kakaopulver<\/div>\n<div style=\"font-size: small;\">1 TL Lebkuchengew\u00fcrz<\/div>\n<div style=\"font-size: small;\">100 g gehackte Mandeln<\/div>\n<div style=\"font-size: small;\">50 g Zucker<\/div>\n<p>&nbsp;<\/p>\n<div style=\"font-size: small;\"><\/div>\n<p><a href=\"http:\/\/backblog.zieher.cc\/wp-content\/uploads\/2016\/12\/IMG_0135_mark.jpg\"><img loading=\"lazy\" decoding=\"async\" class=\"alignnone size-medium wp-image-862\" src=\"http:\/\/backblog.zieher.cc\/wp-content\/uploads\/2016\/12\/IMG_0135_mark-300x200.jpg\" alt=\"Lebkuchenmuffins\" width=\"300\" height=\"200\" srcset=\"https:\/\/backblog.zieher.cc\/wp-content\/uploads\/2016\/12\/IMG_0135_mark-300x200.jpg 300w, https:\/\/backblog.zieher.cc\/wp-content\/uploads\/2016\/12\/IMG_0135_mark-768x512.jpg 768w, https:\/\/backblog.zieher.cc\/wp-content\/uploads\/2016\/12\/IMG_0135_mark-1024x683.jpg 1024w, https:\/\/backblog.zieher.cc\/wp-content\/uploads\/2016\/12\/IMG_0135_mark.jpg 1200w\" sizes=\"auto, (max-width: 300px) 100vw, 300px\" \/><\/a><\/td>\n<td>Zubereitung:<\/p>\n<div style=\"font-size: small;\">Die Zutaten abwiegen und bereit stellen. Eine Muffinform mit Papierf\u00f6rmchen auslegen. Mehl, Backpulver, Kakaopulver, Lebkuchengew\u00fcrz und Mandeln mischen und beiseite stellen.Butter in einem Topf erhitzen, Honig und Zucker dazugeben, gut verr\u00fchren. Abk\u00fchlen lassen. Eier einzeln in die abgek\u00fchlte Honig-Masse mixen. Die trockenen Zutaten schnell unterr\u00fchren.<\/div>\n<div style=\"font-size: small;\">Den Ofen auf Ober-\/Unterhitze 180\u00b0C vorheizen und den Teig in die Muffinformen geben. Die Muffins 15-20 Minuten backen und ausk\u00fchlen lassen.<\/div>\n<\/td>\n<\/tr>\n<\/tbody>\n<\/table>\n<div class=\"printfriendly pf-button  pf-alignleft\">\n                    <a href=\"https:\/\/backblog.zieher.cc\/index.php\/rezepte\/mini-lebkuchen-muffins\/?pfstyle=wp\" rel=\"nofollow\" onclick=\"\" title=\"Printer Friendly, PDF & Email\">\n                    <img decoding=\"async\" class=\"pf-button-img\" src=\"https:\/\/cdn.printfriendly.com\/buttons\/printfriendly-pdf-button-nobg.png\" alt=\"Print Friendly, PDF & Email\" style=\"width: 112px;height: 24px;\"  \/>\n                    <\/a>\n                <\/div>\n","protected":false},"excerpt":{"rendered":"<p>Zutaten (f\u00fcr 24 Minimuffins und 6 normale Muffins): 150 g Honig 125 g Butter 2 Eier 250 g Mehl 2 TL Backpulver 1\/2 TL Natron 1 EL Kakaopulver 1 TL Lebkuchengew\u00fcrz 100 g gehackte Mandeln 50 g Zucker &nbsp; Zubereitung: Die Zutaten abwiegen und bereit stellen. Eine Muffinform mit Papierf\u00f6rmchen auslegen. Mehl, Backpulver, Kakaopulver, Lebkuchengew\u00fcrz &hellip; <a href=\"https:\/\/backblog.zieher.cc\/index.php\/rezepte\/mini-lebkuchen-muffins\/\" class=\"more-link\"><span class=\"screen-reader-text\">Mini-Lebkuchen-Muffins<\/span> weiterlesen<\/a><\/p>\n","protected":false},"author":1,"featured_media":0,"parent":39,"menu_order":0,"comment_status":"closed","ping_status":"closed","template":"","meta":{"footnotes":""},"class_list":["post-866","page","type-page","status-publish","hentry"],"_links":{"self":[{"href":"https:\/\/backblog.zieher.cc\/index.php\/wp-json\/wp\/v2\/pages\/866","targetHints":{"allow":["GET"]}}],"collection":[{"href":"https:\/\/backblog.zieher.cc\/index.php\/wp-json\/wp\/v2\/pages"}],"about":[{"href":"https:\/\/backblog.zieher.cc\/index.php\/wp-json\/wp\/v2\/types\/page"}],"author":[{"embeddable":true,"href":"https:\/\/backblog.zieher.cc\/index.php\/wp-json\/wp\/v2\/users\/1"}],"replies":[{"embeddable":true,"href":"https:\/\/backblog.zieher.cc\/index.php\/wp-json\/wp\/v2\/comments?post=866"}],"version-history":[{"count":1,"href":"https:\/\/backblog.zieher.cc\/index.php\/wp-json\/wp\/v2\/pages\/866\/revisions"}],"predecessor-version":[{"id":867,"href":"https:\/\/backblog.zieher.cc\/index.php\/wp-json\/wp\/v2\/pages\/866\/revisions\/867"}],"up":[{"embeddable":true,"href":"https:\/\/backblog.zieher.cc\/index.php\/wp-json\/wp\/v2\/pages\/39"}],"wp:attachment":[{"href":"https:\/\/backblog.zieher.cc\/index.php\/wp-json\/wp\/v2\/media?parent=866"}],"curies":[{"name":"wp","href":"https:\/\/api.w.org\/{rel}","templated":true}]}}