{"id":878,"date":"2017-09-07T07:16:12","date_gmt":"2017-09-07T06:16:12","guid":{"rendered":"https:\/\/backblog.zieher.cc\/?page_id=878"},"modified":"2017-09-07T07:16:12","modified_gmt":"2017-09-07T06:16:12","slug":"pumpkin-pie-muffins","status":"publish","type":"page","link":"https:\/\/backblog.zieher.cc\/index.php\/rezepte\/pumpkin-pie-muffins\/","title":{"rendered":"Pumpkin-pie Muffins"},"content":{"rendered":"<table>\n<tbody>\n<tr>\n<td width=\"50%\">Zutaten (f\u00fcr 12 Muffins):<\/p>\n<div style=\"font-size: small;\">200 g Mehl<\/div>\n<div style=\"font-size: small;\">2 TL Backpulver<\/div>\n<div style=\"font-size: small;\">1\/2 TL Natron<\/div>\n<div style=\"font-size: small;\">Zimt<\/div>\n<div style=\"font-size: small;\">160 g Zucker<\/div>\n<div style=\"font-size: small;\">1 Pkg Vanillezucker<\/div>\n<div style=\"font-size: small;\">2 Eier<\/div>\n<div style=\"font-size: small;\">60 g weiche Butter<\/div>\n<div style=\"font-size: small;\">250 g K\u00fcrbismus<\/div>\n<div style=\"font-size: small;\">1 Becher Schlagobers<\/div>\n<div style=\"font-size: small;\"><\/div>\n<div style=\"font-size: small;\"><\/div>\n<div style=\"font-size: small;\">Papierf\u00f6rmchen f\u00fcr die Muffinform<\/div>\n<div style=\"font-size: small;\"><\/div>\n<div style=\"font-size: small;\"><a href=\"https:\/\/backblog.zieher.cc\/wp-content\/uploads\/2015\/06\/IMG_1826_mark.jpg\"><img loading=\"lazy\" decoding=\"async\" class=\"alignnone size-medium wp-image-871\" src=\"https:\/\/backblog.zieher.cc\/wp-content\/uploads\/2015\/06\/IMG_1826_mark-300x200.jpg\" alt=\"\" width=\"300\" height=\"200\" srcset=\"https:\/\/backblog.zieher.cc\/wp-content\/uploads\/2015\/06\/IMG_1826_mark-300x200.jpg 300w, https:\/\/backblog.zieher.cc\/wp-content\/uploads\/2015\/06\/IMG_1826_mark-768x512.jpg 768w, https:\/\/backblog.zieher.cc\/wp-content\/uploads\/2015\/06\/IMG_1826_mark.jpg 1024w\" sizes=\"auto, (max-width: 300px) 100vw, 300px\" \/><\/a><\/div>\n<\/td>\n<td>Zubereitung:<\/p>\n<div style=\"font-size: small;\">Die Muffinform mit Papierf\u00f6rmchen auslegen. In einer Sch\u00fcssel Mehl, Backpulver, Natron und Zimt verr\u00fchren und auf die Seite stellen.\u00a0 In einer weiteren Sch\u00fcssel die Butter mit Zucker und Vanillezucker gut schaumig r\u00fchren und die Eier einzeln dazumixen. Das K\u00fcrbismus und den Becher Schlagobers dazugeben und nochmal mixen.<\/div>\n<div style=\"font-size: small;\">Die Mehlmischung unterheben und mit einem Schneebesen nur solange verr\u00fchren, bis alle Zutaten feucht sind. Zum Schluss die Ananas-Marzipan-Mischung unterheben. Den Ofen auf 180\u00b0C Ober-\/Unterhitze vorheizen. Den Teig mit einem L\u00f6ffel gleichm\u00e4\u00dfig in die Vertiefungen geben. Die Muffins in den vorgeheizten Ofen geben und ca. 20 Minuten backen. In der Form abk\u00fchlen lassen.<\/div>\n<div style=\"font-size: small;\"><\/div>\n<div style=\"font-size: small;\"><\/div>\n<\/td>\n<\/tr>\n<\/tbody>\n<\/table>\n<div class=\"printfriendly pf-button  pf-alignleft\">\n                    <a href=\"https:\/\/backblog.zieher.cc\/index.php\/rezepte\/pumpkin-pie-muffins\/?pfstyle=wp\" rel=\"nofollow\" onclick=\"\" title=\"Printer Friendly, PDF & Email\">\n                    <img decoding=\"async\" class=\"pf-button-img\" src=\"https:\/\/cdn.printfriendly.com\/buttons\/printfriendly-pdf-button-nobg.png\" alt=\"Print Friendly, PDF & Email\" style=\"width: 112px;height: 24px;\"  \/>\n                    <\/a>\n                <\/div>\n","protected":false},"excerpt":{"rendered":"<p>Zutaten (f\u00fcr 12 Muffins): 200 g Mehl 2 TL Backpulver 1\/2 TL Natron Zimt 160 g Zucker 1 Pkg Vanillezucker 2 Eier 60 g weiche Butter 250 g K\u00fcrbismus 1 Becher Schlagobers Papierf\u00f6rmchen f\u00fcr die Muffinform Zubereitung: Die Muffinform mit Papierf\u00f6rmchen auslegen. In einer Sch\u00fcssel Mehl, Backpulver, Natron und Zimt verr\u00fchren und auf die Seite &hellip; <a href=\"https:\/\/backblog.zieher.cc\/index.php\/rezepte\/pumpkin-pie-muffins\/\" class=\"more-link\"><span class=\"screen-reader-text\">Pumpkin-pie Muffins<\/span> weiterlesen<\/a><\/p>\n","protected":false},"author":1,"featured_media":0,"parent":39,"menu_order":0,"comment_status":"closed","ping_status":"closed","template":"","meta":{"footnotes":""},"class_list":["post-878","page","type-page","status-publish","hentry"],"_links":{"self":[{"href":"https:\/\/backblog.zieher.cc\/index.php\/wp-json\/wp\/v2\/pages\/878","targetHints":{"allow":["GET"]}}],"collection":[{"href":"https:\/\/backblog.zieher.cc\/index.php\/wp-json\/wp\/v2\/pages"}],"about":[{"href":"https:\/\/backblog.zieher.cc\/index.php\/wp-json\/wp\/v2\/types\/page"}],"author":[{"embeddable":true,"href":"https:\/\/backblog.zieher.cc\/index.php\/wp-json\/wp\/v2\/users\/1"}],"replies":[{"embeddable":true,"href":"https:\/\/backblog.zieher.cc\/index.php\/wp-json\/wp\/v2\/comments?post=878"}],"version-history":[{"count":3,"href":"https:\/\/backblog.zieher.cc\/index.php\/wp-json\/wp\/v2\/pages\/878\/revisions"}],"predecessor-version":[{"id":881,"href":"https:\/\/backblog.zieher.cc\/index.php\/wp-json\/wp\/v2\/pages\/878\/revisions\/881"}],"up":[{"embeddable":true,"href":"https:\/\/backblog.zieher.cc\/index.php\/wp-json\/wp\/v2\/pages\/39"}],"wp:attachment":[{"href":"https:\/\/backblog.zieher.cc\/index.php\/wp-json\/wp\/v2\/media?parent=878"}],"curies":[{"name":"wp","href":"https:\/\/api.w.org\/{rel}","templated":true}]}}